{"id":236,"date":"2018-10-10T17:32:39","date_gmt":"2018-10-10T17:32:39","guid":{"rendered":"http:\/\/escapium-wp.dan-fisher.com\/?page_id=236"},"modified":"2025-07-07T12:13:56","modified_gmt":"2025-07-07T12:13:56","slug":"faqs","status":"publish","type":"page","link":"https:\/\/cubezero.be\/fr\/faqs\/","title":{"rendered":"FAQ"},"content":{"rendered":"<div data-elementor-type=\"wp-post\" data-elementor-id=\"236\" class=\"elementor elementor-236\">\n\t\t\t\t\t\t<section class=\"elementor-section elementor-top-section elementor-element elementor-element-59b42e3 elementor-section-boxed elementor-section-height-default elementor-section-height-default\" data-id=\"59b42e3\" data-element_type=\"section\" data-e-type=\"section\">\n\t\t\t\t\t\t<div class=\"elementor-container elementor-column-gap-default\">\n\t\t\t\t\t<div class=\"elementor-column elementor-col-16 elementor-top-column elementor-element elementor-element-672dabe\" data-id=\"672dabe\" data-element_type=\"column\" data-e-type=\"column\">\n\t\t\t<div class=\"elementor-widget-wrap\">\n\t\t\t\t\t\t\t<\/div>\n\t\t<\/div>\n\t\t\t\t<div class=\"elementor-column elementor-col-66 elementor-top-column elementor-element elementor-element-9ac6354\" data-id=\"9ac6354\" data-element_type=\"column\" data-e-type=\"column\">\n\t\t\t<div class=\"elementor-widget-wrap elementor-element-populated\">\n\t\t\t\t\t\t<div class=\"elementor-element elementor-element-eb4cb23 elementor-widget elementor-widget-spacer\" data-id=\"eb4cb23\" data-element_type=\"widget\" data-e-type=\"widget\" data-widget_type=\"spacer.default\">\n\t\t\t\t<div class=\"elementor-widget-container\">\n\t\t\t\t\t\t\t<div class=\"elementor-spacer\">\n\t\t\t<div class=\"elementor-spacer-inner\"><\/div>\n\t\t<\/div>\n\t\t\t\t\t\t<\/div>\n\t\t\t\t<\/div>\n\t\t\t\t<div class=\"elementor-element elementor-element-602c373 elementor-widget elementor-widget-escapium-accordion\" data-id=\"602c373\" data-element_type=\"widget\" data-e-type=\"widget\" data-widget_type=\"escapium-accordion.default\">\n\t\t\t\t<div class=\"elementor-widget-container\">\n\t\t\t\t\t\n\t\t\t\t\t<div id=\"accordion-69d5a022dce84\" role=\"tablist\" class=\"accordion\">\n\t\t\t\t\t\t\t\t\t\t\t\t\t\t<div class=\"accordion__item\">\n\t\t\t\t\t\t<a role=\"tab\" id=\"heading88158c2\" data-toggle=\"collapse\" href=\"#collapse88158c2\" aria-expanded=\"false\" aria-controls=\"collapse88158c2\" class=\"accordion__item-header collapsed\">\n\t\t\t\t\t\t\t<h3>Qu'est-ce qu'une salle d'\u00e9vasion ?<\/h3>\n\t\t\t\t\t\t<\/a>\n\t\t\t\t\t\t<div id=\"collapse88158c2\" class=\"collapse\" role=\"tabpanel\" aria-labelledby=\"heading88158c2\" data-parent=\"#accordion-69d5a022dce84\">\n\t\t\t\t\t\t\t<div class=\"accordion__item-body\">Un jeu d'\u00e9vasion est une exp\u00e9rience r\u00e9aliste au cours de laquelle les participants sont enferm\u00e9s dans une pi\u00e8ce et doivent utiliser les \u00e9l\u00e9ments de la pi\u00e8ce, les connaissances collectives du groupe et leur intelligence pour trouver des indices, r\u00e9soudre des \u00e9nigmes et s'\u00e9chapper et\/ou trouver l'objet manquant dans un temps donn\u00e9.<\/div>\n\t\t\t\t\t\t<\/div>\n\t\t\t\t\t<\/div>\n\t\t\t\t\t\t\t\t\t\t\t\t\t\t<div class=\"accordion__item\">\n\t\t\t\t\t\t<a role=\"tab\" id=\"headingd4a0de9\" data-toggle=\"collapse\" href=\"#collapsed4a0de9\" aria-expanded=\"false\" aria-controls=\"collapsed4a0de9\" class=\"accordion__item-header collapsed\">\n\t\t\t\t\t\t\t<h3>Le jeu est-il terrifiant ?<\/h3>\n\t\t\t\t\t\t<\/a>\n\t\t\t\t\t\t<div id=\"collapsed4a0de9\" class=\"collapse\" role=\"tabpanel\" aria-labelledby=\"headingd4a0de9\" data-parent=\"#accordion-69d5a022dce84\">\n\t\t\t\t\t\t\t<div class=\"accordion__item-body\">Bien que tous les jeux soient \u00e0 th\u00e8me, ils ne sont pas destin\u00e9s \u00e0 vous effrayer. De plus, l'endroit n'est pas claustrophobe. Si vous avez trop peur, vous pouvez toujours quitter le jeu. Pour garantir votre s\u00e9curit\u00e9, des cam\u00e9ras sont pr\u00e9sentes dans chaque jeu.<\/div>\n\t\t\t\t\t\t<\/div>\n\t\t\t\t\t<\/div>\n\t\t\t\t\t\t\t\t\t\t\t\t\t\t<div class=\"accordion__item\">\n\t\t\t\t\t\t<a role=\"tab\" id=\"headingd8f8ae3\" data-toggle=\"collapse\" href=\"#collapsed8f8ae3\" aria-expanded=\"false\" aria-controls=\"collapsed8f8ae3\" class=\"accordion__item-header collapsed\">\n\t\t\t\t\t\t\t<h3>Existe-t-il un syst\u00e8me d'indices ?<\/h3>\n\t\t\t\t\t\t<\/a>\n\t\t\t\t\t\t<div id=\"collapsed8f8ae3\" class=\"collapse\" role=\"tabpanel\" aria-labelledby=\"headingd8f8ae3\" data-parent=\"#accordion-69d5a022dce84\">\n\t\t\t\t\t\t\t<div class=\"accordion__item-body\">Si vous ne savez pas quoi faire pendant un certain temps, vous pouvez toujours demander des conseils.<\/div>\n\t\t\t\t\t\t<\/div>\n\t\t\t\t\t<\/div>\n\t\t\t\t\t\t\t\t\t\t\t\t\t\t<div class=\"accordion__item\">\n\t\t\t\t\t\t<a role=\"tab\" id=\"heading8a7bbb8\" data-toggle=\"collapse\" href=\"#collapse8a7bbb8\" aria-expanded=\"false\" aria-controls=\"collapse8a7bbb8\" class=\"accordion__item-header collapsed\">\n\t\t\t\t\t\t\t<h3>Au secours, nous sommes plus de 6 !<\/h3>\n\t\t\t\t\t\t<\/a>\n\t\t\t\t\t\t<div id=\"collapse8a7bbb8\" class=\"collapse\" role=\"tabpanel\" aria-labelledby=\"heading8a7bbb8\" data-parent=\"#accordion-69d5a022dce84\">\n\t\t\t\t\t\t\t<div class=\"accordion__item-body\">Pas de panique. Nous avons 6 jeux qui peuvent \u00eatre jou\u00e9s \u00e0 peu pr\u00e8s simultan\u00e9ment. Nous pouvons donc \u00e9galement accueillir des groupes plus importants !\nSi vous avez d'autres questions \u00e0 ce sujet, n'h\u00e9sitez pas \u00e0 nous contacter.<\/div>\n\t\t\t\t\t\t<\/div>\n\t\t\t\t\t<\/div>\n\t\t\t\t\t\t\t\t\t\t\t\t\t\t<div class=\"accordion__item\">\n\t\t\t\t\t\t<a role=\"tab\" id=\"heading54d2cd4\" data-toggle=\"collapse\" href=\"#collapse54d2cd4\" aria-expanded=\"false\" aria-controls=\"collapse54d2cd4\" class=\"accordion__item-header collapsed\">\n\t\t\t\t\t\t\t<h3>Y a-t-il des affectations physiques ?<\/h3>\n\t\t\t\t\t\t<\/a>\n\t\t\t\t\t\t<div id=\"collapse54d2cd4\" class=\"collapse\" role=\"tabpanel\" aria-labelledby=\"heading54d2cd4\" data-parent=\"#accordion-69d5a022dce84\">\n\t\t\t\t\t\t\t<div class=\"accordion__item-body\">Parce que nous voulons \u00eatre accessibles \u00e0 tous, nos jeux consistent \u00e0 r\u00e9soudre des puzzles et des \u00e9nigmes. Les \u00e9l\u00e9ments physiques tels que la marche \u00e0 quatre pattes ou l'escalade n'entrent pas en ligne de compte.<\/div>\n\t\t\t\t\t\t<\/div>\n\t\t\t\t\t<\/div>\n\t\t\t\t\t\t\t\t\t\t\t\t\t\t<div class=\"accordion__item\">\n\t\t\t\t\t\t<a role=\"tab\" id=\"heading48aa432\" data-toggle=\"collapse\" href=\"#collapse48aa432\" aria-expanded=\"false\" aria-controls=\"collapse48aa432\" class=\"accordion__item-header collapsed\">\n\t\t\t\t\t\t\t<h3>Combien de temps dure le jeu ?<\/h3>\n\t\t\t\t\t\t<\/a>\n\t\t\t\t\t\t<div id=\"collapse48aa432\" class=\"collapse\" role=\"tabpanel\" aria-labelledby=\"heading48aa432\" data-parent=\"#accordion-69d5a022dce84\">\n\t\t\t\t\t\t\t<div class=\"accordion__item-body\">Le but d'une escape room est de s'\u00e9chapper en moins d'une heure. Apr\u00e8s une heure, le jeu est donc arr\u00eat\u00e9. Pour que tout se passe bien, nous vous demandons d'\u00eatre pr\u00e9sent 15 minutes avant le d\u00e9but du jeu. Ensuite, il y a bien s\u00fbr de la place pour un d\u00e9briefing.<\/div>\n\t\t\t\t\t\t<\/div>\n\t\t\t\t\t<\/div>\n\t\t\t\t\t\t\t\t\t\t\t\t\t\t<div class=\"accordion__item\">\n\t\t\t\t\t\t<a role=\"tab\" id=\"headingd77e65b\" data-toggle=\"collapse\" href=\"#collapsed77e65b\" aria-expanded=\"false\" aria-controls=\"collapsed77e65b\" class=\"accordion__item-header collapsed\">\n\t\t\t\t\t\t\t<h3>Quel est le co\u00fbt ? <\/h3>\n\t\t\t\t\t\t<\/a>\n\t\t\t\t\t\t<div id=\"collapsed77e65b\" class=\"collapse\" role=\"tabpanel\" aria-labelledby=\"headingd77e65b\" data-parent=\"#accordion-69d5a022dce84\">\n\t\t\t\t\t\t\t<div class=\"accordion__item-body\">Vous trouverez ici les prix par groupe. Si vous faites une r\u00e9servation pour un ou plusieurs jeux, le prix sera calcul\u00e9 automatiquement.<br>\nLa r\u00e9servation en ligne est gratuite. Vous payez sur place lorsque vous jouez.<br><br>\n\n# players - Prix total<br>\n2 personnes = 65 euros<br>\n3 personnes = 75 euros<br>\n4 personnes = 100 euros<br>\n5 personnes = \u20ac115<br>\n6 personnes = \u20ac125<br><br>\n<b>Just UNIT85 - Courtrai<\/b><br>\n7 personnes = 140<br>\n8 personnes = 150 euros<br><br>\nTous les prix indiqu\u00e9s s'entendent TVA comprise. <\/div>\n\t\t\t\t\t\t<\/div>\n\t\t\t\t\t<\/div>\n\t\t\t\t\t\t\t\t\t\t\t\t\t\t<div class=\"accordion__item\">\n\t\t\t\t\t\t<a role=\"tab\" id=\"headingb096cee\" data-toggle=\"collapse\" href=\"#collapseb096cee\" aria-expanded=\"false\" aria-controls=\"collapseb096cee\" class=\"accordion__item-header collapsed\">\n\t\t\t\t\t\t\t<h3>L'\u00e2ge a-t-il une importance ?<\/h3>\n\t\t\t\t\t\t<\/a>\n\t\t\t\t\t\t<div id=\"collapseb096cee\" class=\"collapse\" role=\"tabpanel\" aria-labelledby=\"headingb096cee\" data-parent=\"#accordion-69d5a022dce84\">\n\t\t\t\t\t\t\t<div class=\"accordion__item-body\">L'exp\u00e9rience acquise avec des groupes d'enfants nous permet de donner les indications suivantes : Pour les enfants de moins de 12 ans, il est pr\u00e9f\u00e9rable de jouer avec un groupe dont la majorit\u00e9 est compos\u00e9e d'adultes. Les enfants \u00e2g\u00e9s de 12 \u00e0 15 ans doivent de pr\u00e9f\u00e9rence \u00eatre accompagn\u00e9s d'au moins deux adultes. Les enfants \u00e2g\u00e9s de 16 ans et plus sont parfaitement capables de jouer seuls.<\/div>\n\t\t\t\t\t\t<\/div>\n\t\t\t\t\t<\/div>\n\t\t\t\t\t\t\t\t\t\t\t\t\t\t<div class=\"accordion__item\">\n\t\t\t\t\t\t<a role=\"tab\" id=\"headinge21cfa1\" data-toggle=\"collapse\" href=\"#collapsee21cfa1\" aria-expanded=\"false\" aria-controls=\"collapsee21cfa1\" class=\"accordion__item-header collapsed\">\n\t\t\t\t\t\t\t<h3>Puis-je acheter un ch\u00e8que-cadeau ?<\/h3>\n\t\t\t\t\t\t<\/a>\n\t\t\t\t\t\t<div id=\"collapsee21cfa1\" class=\"collapse\" role=\"tabpanel\" aria-labelledby=\"headinge21cfa1\" data-parent=\"#accordion-69d5a022dce84\">\n\t\t\t\t\t\t\t<div class=\"accordion__item-body\">Vous pouvez le faire. Le montant est libre et le bon est valable un an. Actuellement, il ne peut \u00eatre que collect\u00e9, mais une version num\u00e9rique est en cours de d\u00e9veloppement.<\/div>\n\t\t\t\t\t\t<\/div>\n\t\t\t\t\t<\/div>\n\t\t\t\t\t\t\t\t\t\t\t\t\t\t<div class=\"accordion__item\">\n\t\t\t\t\t\t<a role=\"tab\" id=\"heading8e5fbb4\" data-toggle=\"collapse\" href=\"#collapse8e5fbb4\" aria-expanded=\"false\" aria-controls=\"collapse8e5fbb4\" class=\"accordion__item-header collapsed\">\n\t\t\t\t\t\t\t<h3>Puis-je modifier ma r\u00e9servation apr\u00e8s coup ?<\/h3>\n\t\t\t\t\t\t<\/a>\n\t\t\t\t\t\t<div id=\"collapse8e5fbb4\" class=\"collapse\" role=\"tabpanel\" aria-labelledby=\"heading8e5fbb4\" data-parent=\"#accordion-69d5a022dce84\">\n\t\t\t\t\t\t\t<div class=\"accordion__item-body\">En cas de changement ou d'annulation d'une r\u00e9servation, vous pouvez toujours nous appeler. En cas de changement ou d'annulation d'une r\u00e9servation, vous pouvez toujours nous appeler.\nNous vous demandons toujours de nous pr\u00e9venir au moins 7 jours avant le match. Dans le cas contraire, nous pourrions \u00eatre contraints de facturer des frais d'annulation. <\/div>\n\t\t\t\t\t\t<\/div>\n\t\t\t\t\t<\/div>\n\t\t\t\t\t\t\t\t\t\t\t\t\t\t<div class=\"accordion__item\">\n\t\t\t\t\t\t<a role=\"tab\" id=\"heading3497a0a\" data-toggle=\"collapse\" href=\"#collapse3497a0a\" aria-expanded=\"false\" aria-controls=\"collapse3497a0a\" class=\"accordion__item-header collapsed\">\n\t\t\t\t\t\t\t<h3>Se garer \u00e0 Gand ?<\/h3>\n\t\t\t\t\t\t<\/a>\n\t\t\t\t\t\t<div id=\"collapse3497a0a\" class=\"collapse\" role=\"tabpanel\" aria-labelledby=\"heading3497a0a\" data-parent=\"#accordion-69d5a022dce84\">\n\t\t\t\t\t\t\t<div class=\"accordion__item-body\">Gand devient une ville sans voiture. Heureusement, vous pouvez toujours garer votre voiture \u00e0 proximit\u00e9 dans les parkings Vrijdagmarkt ou Reep. Vous pouvez \u00e9galement utiliser les transports en commun. La gare Dampoort et l'arr\u00eat de tram Korenmarkt (ligne 1) sont tous deux accessibles \u00e0 pied.<\/div>\n\t\t\t\t\t\t<\/div>\n\t\t\t\t\t<\/div>\n\t\t\t\t\t\t\t\t\t\t\t\t\t\t<div class=\"accordion__item\">\n\t\t\t\t\t\t<a role=\"tab\" id=\"headingb089088\" data-toggle=\"collapse\" href=\"#collapseb089088\" aria-expanded=\"false\" aria-controls=\"collapseb089088\" class=\"accordion__item-header collapsed\">\n\t\t\t\t\t\t\t<h3>Parking \u00e0 Courtrai ?<\/h3>\n\t\t\t\t\t\t<\/a>\n\t\t\t\t\t\t<div id=\"collapseb089088\" class=\"collapse\" role=\"tabpanel\" aria-labelledby=\"headingb089088\" data-parent=\"#accordion-69d5a022dce84\">\n\t\t\t\t\t\t\t<div class=\"accordion__item-body\">Nous sommes situ\u00e9s pr\u00e8s de la gare de Courtrai. Il est donc pr\u00e9f\u00e9rable de se garer dans le parking souterrain de la gare ou dans le parking 'Schouwburgplein'.<\/div>\n\t\t\t\t\t\t<\/div>\n\t\t\t\t\t<\/div>\n\t\t\t\t\t\t\t\t\t\t\t\t\t\t<div class=\"accordion__item\">\n\t\t\t\t\t\t<a role=\"tab\" id=\"heading616a1b6\" data-toggle=\"collapse\" href=\"#collapse616a1b6\" aria-expanded=\"false\" aria-controls=\"collapse616a1b6\" class=\"accordion__item-header collapsed\">\n\t\t\t\t\t\t\t<h3>Quand sommes-nous attendus ?<\/h3>\n\t\t\t\t\t\t<\/a>\n\t\t\t\t\t\t<div id=\"collapse616a1b6\" class=\"collapse\" role=\"tabpanel\" aria-labelledby=\"heading616a1b6\" data-parent=\"#accordion-69d5a022dce84\">\n\t\t\t\t\t\t\t<div class=\"accordion__item-body\">Pour que tout se passe bien, nous vous demandons d'\u00eatre pr\u00e9sent 15 minutes avant le d\u00e9but du match. Nous utilisons ce temps pour donner des informations et vous pouvez encore ranger certains objets dans l'un de nos casiers.<\/div>\n\t\t\t\t\t\t<\/div>\n\t\t\t\t\t<\/div>\n\t\t\t\t\t\t\t\t\t\t\t\t\t\t<div class=\"accordion__item\">\n\t\t\t\t\t\t<a role=\"tab\" id=\"heading4a46b21\" data-toggle=\"collapse\" href=\"#collapse4a46b21\" aria-expanded=\"false\" aria-controls=\"collapse4a46b21\" class=\"accordion__item-header collapsed\">\n\t\t\t\t\t\t\t<h3>Pas d'\u00e9vasion ? <\/h3>\n\t\t\t\t\t\t<\/a>\n\t\t\t\t\t\t<div id=\"collapse4a46b21\" class=\"collapse\" role=\"tabpanel\" aria-labelledby=\"heading4a46b21\" data-parent=\"#accordion-69d5a022dce84\">\n\t\t\t\t\t\t\t<div class=\"accordion__item-body\">Ne vous inqui\u00e9tez pas ! Une fois le temps \u00e9coul\u00e9, notre ma\u00eetre de jeu viendra vous chercher et vous expliquera ce que vous avez manqu\u00e9. Ce qui compte, c'est l'exp\u00e9rience, pas seulement l'\u00e9vasion !\nCar m\u00eame nos jeux les plus simples sont un v\u00e9ritable d\u00e9fi ! \n<\/div>\n\t\t\t\t\t\t<\/div>\n\t\t\t\t\t<\/div>\n\t\t\t\t\t\t\t<\/div>\n\t\t\n\t\t\t\t\t\t<\/div>\n\t\t\t\t<\/div>\n\t\t\t\t<div class=\"elementor-element elementor-element-1105d61 elementor-widget elementor-widget-spacer\" data-id=\"1105d61\" data-element_type=\"widget\" data-e-type=\"widget\" data-widget_type=\"spacer.default\">\n\t\t\t\t<div class=\"elementor-widget-container\">\n\t\t\t\t\t\t\t<div class=\"elementor-spacer\">\n\t\t\t<div class=\"elementor-spacer-inner\"><\/div>\n\t\t<\/div>\n\t\t\t\t\t\t<\/div>\n\t\t\t\t<\/div>\n\t\t\t\t\t<\/div>\n\t\t<\/div>\n\t\t\t\t<div class=\"elementor-column elementor-col-16 elementor-top-column elementor-element elementor-element-0c080d5\" data-id=\"0c080d5\" data-element_type=\"column\" data-e-type=\"column\">\n\t\t\t<div class=\"elementor-widget-wrap\">\n\t\t\t\t\t\t\t<\/div>\n\t\t<\/div>\n\t\t\t\t\t<\/div>\n\t\t<\/section>\n\t\t\t\t<\/div>","protected":false},"excerpt":{"rendered":"","protected":false},"author":1,"featured_media":0,"parent":0,"menu_order":0,"comment_status":"closed","ping_status":"closed","template":"elementor_header_footer","meta":{"_acf_changed":false,"footnotes":""},"class_list":["post-236","page","type-page","status-publish","hentry"],"acf":[],"aioseo_notices":[],"_links":{"self":[{"href":"https:\/\/cubezero.be\/fr\/wp-json\/wp\/v2\/pages\/236","targetHints":{"allow":["GET"]}}],"collection":[{"href":"https:\/\/cubezero.be\/fr\/wp-json\/wp\/v2\/pages"}],"about":[{"href":"https:\/\/cubezero.be\/fr\/wp-json\/wp\/v2\/types\/page"}],"author":[{"embeddable":true,"href":"https:\/\/cubezero.be\/fr\/wp-json\/wp\/v2\/users\/1"}],"replies":[{"embeddable":true,"href":"https:\/\/cubezero.be\/fr\/wp-json\/wp\/v2\/comments?post=236"}],"version-history":[{"count":0,"href":"https:\/\/cubezero.be\/fr\/wp-json\/wp\/v2\/pages\/236\/revisions"}],"wp:attachment":[{"href":"https:\/\/cubezero.be\/fr\/wp-json\/wp\/v2\/media?parent=236"}],"curies":[{"name":"wp","href":"https:\/\/api.w.org\/{rel}","templated":true}]}}