{"id":20,"date":"2018-09-04T16:50:54","date_gmt":"2018-09-04T16:50:54","guid":{"rendered":"http:\/\/escapium-wp.dan-fisher.com\/?page_id=20"},"modified":"2025-10-02T13:22:47","modified_gmt":"2025-10-02T13:22:47","slug":"boeken","status":"publish","type":"page","link":"https:\/\/cubezero.be\/fr\/boeken\/","title":{"rendered":"R\u00e9server"},"content":{"rendered":"<div data-elementor-type=\"wp-post\" data-elementor-id=\"20\" class=\"elementor elementor-20\">\n\t\t\t\t\t\t<section class=\"elementor-section elementor-top-section elementor-element elementor-element-58a03c7 elementor-section-boxed elementor-section-height-default elementor-section-height-default\" data-id=\"58a03c7\" data-element_type=\"section\" data-e-type=\"section\">\n\t\t\t\t\t\t<div class=\"elementor-container elementor-column-gap-default\">\n\t\t\t\t\t<div class=\"elementor-column elementor-col-100 elementor-top-column elementor-element elementor-element-97916e6\" data-id=\"97916e6\" data-element_type=\"column\" data-e-type=\"column\">\n\t\t\t<div class=\"elementor-widget-wrap elementor-element-populated\">\n\t\t\t\t\t\t<div class=\"elementor-element elementor-element-d034a0a elementor-widget elementor-widget-spacer\" data-id=\"d034a0a\" data-element_type=\"widget\" data-e-type=\"widget\" data-widget_type=\"spacer.default\">\n\t\t\t\t<div class=\"elementor-widget-container\">\n\t\t\t\t\t\t\t<div class=\"elementor-spacer\">\n\t\t\t<div class=\"elementor-spacer-inner\"><\/div>\n\t\t<\/div>\n\t\t\t\t\t\t<\/div>\n\t\t\t\t<\/div>\n\t\t\t\t\t<\/div>\n\t\t<\/div>\n\t\t\t\t\t<\/div>\n\t\t<\/section>\n\t\t\t\t<section class=\"elementor-section elementor-top-section elementor-element elementor-element-ee82841 elementor-section-boxed elementor-section-height-default elementor-section-height-default\" data-id=\"ee82841\" data-element_type=\"section\" data-e-type=\"section\">\n\t\t\t\t\t\t<div class=\"elementor-container elementor-column-gap-default\">\n\t\t\t\t\t<div class=\"elementor-column elementor-col-16 elementor-top-column elementor-element elementor-element-2fa07ce\" data-id=\"2fa07ce\" data-element_type=\"column\" data-e-type=\"column\">\n\t\t\t<div class=\"elementor-widget-wrap elementor-element-populated\">\n\t\t\t\t\t\t<div class=\"elementor-element elementor-element-e6fb885 elementor-align-center elementor-widget elementor-widget-esc-button\" data-id=\"e6fb885\" data-element_type=\"widget\" data-e-type=\"widget\" data-widget_type=\"esc-button.default\">\n\t\t\t\t<div class=\"elementor-widget-container\">\n\t\t\t\t\t\n\t\t<a href=\"https:\/\/book.cubezero.be\/fr?location=1\" class=\"btn  btn-primary\" target=\"_blank\">\n\t\t\t\t\t\t&nbsp;&nbsp;&nbsp;&nbsp;RESERVER POUR GAND&nbsp;&nbsp;&nbsp;\t\t<\/a>\n\n\t\t\t\t\t\t<\/div>\n\t\t\t\t<\/div>\n\t\t\t\t\t<\/div>\n\t\t<\/div>\n\t\t\t\t<div class=\"elementor-column elementor-col-66 elementor-top-column elementor-element elementor-element-b599ead\" data-id=\"b599ead\" data-element_type=\"column\" data-e-type=\"column\">\n\t\t\t<div class=\"elementor-widget-wrap\">\n\t\t\t\t\t\t\t<\/div>\n\t\t<\/div>\n\t\t\t\t<div class=\"elementor-column elementor-col-16 elementor-top-column elementor-element elementor-element-e74fe2c\" data-id=\"e74fe2c\" data-element_type=\"column\" data-e-type=\"column\">\n\t\t\t<div class=\"elementor-widget-wrap elementor-element-populated\">\n\t\t\t\t\t\t<div class=\"elementor-element elementor-element-a1eb049 elementor-align-center elementor-widget elementor-widget-esc-button\" data-id=\"a1eb049\" data-element_type=\"widget\" data-e-type=\"widget\" data-widget_type=\"esc-button.default\">\n\t\t\t\t<div class=\"elementor-widget-container\">\n\t\t\t\t\t\n\t\t<a href=\"https:\/\/book.cubezero.be\/fr?location=2\" class=\"btn  btn-primary\" target=\"_blank\">\n\t\t\t\t\t\tRESERVER POUR Courtrai\t\t<\/a>\n\n\t\t\t\t\t\t<\/div>\n\t\t\t\t<\/div>\n\t\t\t\t\t<\/div>\n\t\t<\/div>\n\t\t\t\t\t<\/div>\n\t\t<\/section>\n\t\t\t\t<section class=\"elementor-section elementor-top-section elementor-element elementor-element-882bd86 elementor-section-boxed elementor-section-height-default elementor-section-height-default\" data-id=\"882bd86\" data-element_type=\"section\" data-e-type=\"section\">\n\t\t\t\t\t\t<div class=\"elementor-container elementor-column-gap-default\">\n\t\t\t\t\t<div class=\"elementor-column elementor-col-33 elementor-top-column elementor-element elementor-element-a7ad13f\" data-id=\"a7ad13f\" data-element_type=\"column\" data-e-type=\"column\">\n\t\t\t<div class=\"elementor-widget-wrap elementor-element-populated\">\n\t\t\t\t\t\t<div class=\"elementor-element elementor-element-34cb466 elementor-widget elementor-widget-escapium-iconbox\" data-id=\"34cb466\" data-element_type=\"widget\" data-e-type=\"widget\" data-widget_type=\"escapium-iconbox.default\">\n\t\t\t\t<div class=\"elementor-widget-container\">\n\t\t\t\t\t\n\t\t<!-- Icobox -->\n\t\t<div class=\"icobox\">\n\t\t\t<div class=\"icobox__icon-wrapper\">\n\t\t\t\t<div class=\"icobox__icon\">\n\t\t\t\t\t<i class=\"icon-tag\"><\/i>\n\t\t\t\t<\/div>\n\t\t\t<\/div>\n\t\t\t<h3 class=\"icobox__title\">Prix<\/h3>\n\t\t\t<div class=\"icobox__desc\">\n\t\t\t\tLe prix total est calcul\u00e9 automatiquement \u00e0 la fin de votre r\u00e9servation, en fonction du nombre de participants et du cr\u00e9neau horaire choisi.\t\t\t\t\n\t\t\t<\/div>\n\t\t<\/div>\n\t\t<!-- Icobox \/ End -->\n\n\t\t\t\t\t\t<\/div>\n\t\t\t\t<\/div>\n\t\t\t\t\t<\/div>\n\t\t<\/div>\n\t\t\t\t<div class=\"elementor-column elementor-col-33 elementor-top-column elementor-element elementor-element-35cad73\" data-id=\"35cad73\" data-element_type=\"column\" data-e-type=\"column\">\n\t\t\t<div class=\"elementor-widget-wrap elementor-element-populated\">\n\t\t\t\t\t\t<div class=\"elementor-element elementor-element-9a2130c elementor-widget elementor-widget-escapium-iconbox\" data-id=\"9a2130c\" data-element_type=\"widget\" data-e-type=\"widget\" data-widget_type=\"escapium-iconbox.default\">\n\t\t\t\t<div class=\"elementor-widget-container\">\n\t\t\t\t\t\n\t\t<!-- Icobox -->\n\t\t<div class=\"icobox\">\n\t\t\t<div class=\"icobox__icon-wrapper\">\n\t\t\t\t<div class=\"icobox__icon\">\n\t\t\t\t\t<i class=\"icon-people\"><\/i>\n\t\t\t\t<\/div>\n\t\t\t<\/div>\n\t\t\t<h3 class=\"icobox__title\">Nombre de joueurs<\/h3>\n\t\t\t<div class=\"icobox__desc\">\n\t\t\t\tNos salles d'\u00e9vasion conviennent aussi bien aux petits qu'aux grands groupes. Gand peut accueillir des groupes de 2 \u00e0 44 joueurs, tandis qu'\u00e0 Courtrai, nous accueillons des groupes de 2 \u00e0 20 joueurs.\n\nQue vous veniez avec quelques amis ou avec toute une \u00e9quipe, nous vous proposons une exp\u00e9rience passionnante adapt\u00e9e \u00e0 vos besoins.\nVeuillez noter que le nombre maximum de joueurs par chambre peut varier.\n\n\t\t\t\t\n\t\t\t<\/div>\n\t\t<\/div>\n\t\t<!-- Icobox \/ End -->\n\n\t\t\t\t\t\t<\/div>\n\t\t\t\t<\/div>\n\t\t\t\t\t<\/div>\n\t\t<\/div>\n\t\t\t\t<div class=\"elementor-column elementor-col-33 elementor-top-column elementor-element elementor-element-92611dd\" data-id=\"92611dd\" data-element_type=\"column\" data-e-type=\"column\">\n\t\t\t<div class=\"elementor-widget-wrap elementor-element-populated\">\n\t\t\t\t\t\t<div class=\"elementor-element elementor-element-6ae75c0 elementor-widget elementor-widget-escapium-iconbox\" data-id=\"6ae75c0\" data-element_type=\"widget\" data-e-type=\"widget\" data-widget_type=\"escapium-iconbox.default\">\n\t\t\t\t<div class=\"elementor-widget-container\">\n\t\t\t\t\t\n\t\t<!-- Icobox -->\n\t\t<div class=\"icobox\">\n\t\t\t<div class=\"icobox__icon-wrapper\">\n\t\t\t\t<div class=\"icobox__icon\">\n\t\t\t\t\t<i class=\"icon-question\"><\/i>\n\t\t\t\t<\/div>\n\t\t\t<\/div>\n\t\t\t<h3 class=\"icobox__title\">Chambres<\/h3>\n\t\t\t<div class=\"icobox__desc\">\n\t\t\t\tVous avez le choix entre six salles d'\u00e9vasion diff\u00e9rentes, chacune ayant son propre th\u00e8me et sa propre atmosph\u00e8re. La difficult\u00e9 des salles varie, allant du d\u00e9fi pour les d\u00e9butants \u00e0 un v\u00e9ritable test pour les escapadeurs exp\u00e9riment\u00e9s.\t\t\t\t\n\t\t\t<\/div>\n\t\t<\/div>\n\t\t<!-- Icobox \/ End -->\n\n\t\t\t\t\t\t<\/div>\n\t\t\t\t<\/div>\n\t\t\t\t\t<\/div>\n\t\t<\/div>\n\t\t\t\t\t<\/div>\n\t\t<\/section>\n\t\t\t\t<\/div>","protected":false},"excerpt":{"rendered":"","protected":false},"author":1,"featured_media":0,"parent":0,"menu_order":0,"comment_status":"closed","ping_status":"closed","template":"elementor_header_footer","meta":{"_acf_changed":false,"footnotes":""},"class_list":["post-20","page","type-page","status-publish","hentry"],"acf":[],"aioseo_notices":[],"_links":{"self":[{"href":"https:\/\/cubezero.be\/fr\/wp-json\/wp\/v2\/pages\/20","targetHints":{"allow":["GET"]}}],"collection":[{"href":"https:\/\/cubezero.be\/fr\/wp-json\/wp\/v2\/pages"}],"about":[{"href":"https:\/\/cubezero.be\/fr\/wp-json\/wp\/v2\/types\/page"}],"author":[{"embeddable":true,"href":"https:\/\/cubezero.be\/fr\/wp-json\/wp\/v2\/users\/1"}],"replies":[{"embeddable":true,"href":"https:\/\/cubezero.be\/fr\/wp-json\/wp\/v2\/comments?post=20"}],"version-history":[{"count":12,"href":"https:\/\/cubezero.be\/fr\/wp-json\/wp\/v2\/pages\/20\/revisions"}],"predecessor-version":[{"id":1736,"href":"https:\/\/cubezero.be\/fr\/wp-json\/wp\/v2\/pages\/20\/revisions\/1736"}],"wp:attachment":[{"href":"https:\/\/cubezero.be\/fr\/wp-json\/wp\/v2\/media?parent=20"}],"curies":[{"name":"wp","href":"https:\/\/api.w.org\/{rel}","templated":true}]}}