{"id":1794,"date":"2026-01-05T07:50:56","date_gmt":"2026-01-05T07:50:56","guid":{"rendered":"https:\/\/cubezero.be\/?page_id=1794"},"modified":"2026-02-12T08:29:00","modified_gmt":"2026-02-12T08:29:00","slug":"event-kortrijk","status":"publish","type":"page","link":"https:\/\/cubezero.be\/fr\/event-kortrijk\/","title":{"rendered":"event-kortrijk"},"content":{"rendered":"<div data-elementor-type=\"wp-post\" data-elementor-id=\"1794\" class=\"elementor elementor-1794\">\n\t\t\t\t<div class=\"elementor-element elementor-element-e5edb1b e-con-full e-flex e-con e-parent\" data-id=\"e5edb1b\" data-element_type=\"container\" data-e-type=\"container\" data-settings=\"{&quot;background_background&quot;:&quot;classic&quot;}\">\n\t\t<div class=\"elementor-element elementor-element-708222e e-con-full e-flex e-con e-child\" data-id=\"708222e\" data-element_type=\"container\" data-e-type=\"container\">\n\t\t\t\t<div class=\"elementor-element elementor-element-e8998b1 elementor-widget elementor-widget-escapium-iconbox\" data-id=\"e8998b1\" data-element_type=\"widget\" data-e-type=\"widget\" data-widget_type=\"escapium-iconbox.default\">\n\t\t\t\t<div class=\"elementor-widget-container\">\n\t\t\t\t\t\n\t\t<!-- Icobox -->\n\t\t<div class=\"icobox\">\n\t\t\t<div class=\"icobox__icon-wrapper\">\n\t\t\t\t<div class=\"icobox__icon\">\n\t\t\t\t\t<i class=\"icon-key\"><\/i>\n\t\t\t\t<\/div>\n\t\t\t<\/div>\n\t\t\t<h3 class=\"icobox__title\">Bedrijfsevents & Teambuilding in Kortrijk<\/h3>\n\t\t\t<div class=\"icobox__desc\">\n\t\t\t\tWe verwelkomen uw bedrijf graag voor de ultieme uitstap met collega's\t\t\t\t\n\t\t\t<\/div>\n\t\t<\/div>\n\t\t<!-- Icobox \/ End -->\n\n\t\t\t\t\t\t<\/div>\n\t\t\t\t<\/div>\n\t\t\t\t<div class=\"elementor-element elementor-element-38dc109 elementor-widget elementor-widget-text-editor\" data-id=\"38dc109\" data-element_type=\"widget\" data-e-type=\"widget\" data-widget_type=\"text-editor.default\">\n\t\t\t\t<div class=\"elementor-widget-container\">\n\t\t\t\t\t\t\t\t\t<p data-start=\"933\" data-end=\"1066\">Qu'il s'agisse d'un petit groupe de coll\u00e8gues ou d'un grand \u00e9v\u00e9nement d'entreprise, nous offrons un service de qualit\u00e9. <strong data-start=\"1026\" data-end=\"1063\">une organisation professionnelle sur mesure<\/strong>:<\/p><ul data-start=\"1067\" data-end=\"1301\"><li data-start=\"1067\" data-end=\"1124\"><p data-start=\"1069\" data-end=\"1124\">Team building pour des groupes de diff\u00e9rentes tailles<\/p><\/li><li data-start=\"1125\" data-end=\"1176\"><p data-start=\"1127\" data-end=\"1176\">Services de restauration et de r\u00e9ception<\/p><\/li><li data-start=\"1177\" data-end=\"1224\"><p data-start=\"1179\" data-end=\"1224\">Formules flexibles pour des demi-journ\u00e9es ou des journ\u00e9es enti\u00e8res<\/p><\/li><li data-start=\"1225\" data-end=\"1301\"><p data-start=\"1227\" data-end=\"1301\">Localisations en <strong data-start=\"1239\" data-end=\"1247\">Gand<\/strong> et <strong data-start=\"1251\" data-end=\"1263\">Courtrai<\/strong>, facilement accessible \u00e0 toute l'\u00e9quipe<\/p><\/li><\/ul>\t\t\t\t\t\t\t\t<\/div>\n\t\t\t\t<\/div>\n\t\t\t\t<\/div>\n\t\t<div class=\"elementor-element elementor-element-36b8646 e-con-full e-flex e-con e-child\" data-id=\"36b8646\" data-element_type=\"container\" data-e-type=\"container\" data-settings=\"{&quot;background_background&quot;:&quot;video&quot;}\">\n\t\t\t\t<div class=\"elementor-element elementor-element-7d6d0e5 elementor-widget elementor-widget-image\" data-id=\"7d6d0e5\" data-element_type=\"widget\" data-e-type=\"widget\" data-widget_type=\"image.default\">\n\t\t\t\t<div class=\"elementor-widget-container\">\n\t\t\t\t\t\t\t\t\t\t\t\t\t\t\t<img fetchpriority=\"high\" decoding=\"async\" width=\"640\" height=\"453\" src=\"https:\/\/cubezero.be\/wp-content\/uploads\/2025\/07\/Untitled-design-768x543.png\" class=\"attachment-medium_large size-medium_large wp-image-1500\" alt=\"spannende escape rooms Belgi\u00eb\" srcset=\"https:\/\/cubezero.be\/wp-content\/uploads\/2025\/07\/Untitled-design-768x543.png 768w, https:\/\/cubezero.be\/wp-content\/uploads\/2025\/07\/Untitled-design-300x212.png 300w, https:\/\/cubezero.be\/wp-content\/uploads\/2025\/07\/Untitled-design-1024x724.png 1024w, https:\/\/cubezero.be\/wp-content\/uploads\/2025\/07\/Untitled-design-1536x1086.png 1536w, https:\/\/cubezero.be\/wp-content\/uploads\/2025\/07\/Untitled-design-18x12.png 18w, https:\/\/cubezero.be\/wp-content\/uploads\/2025\/07\/Untitled-design.png 2000w\" sizes=\"(max-width: 640px) 100vw, 640px\" \/>\t\t\t\t\t\t\t\t\t\t\t\t\t\t\t<\/div>\n\t\t\t\t<\/div>\n\t\t\t\t<\/div>\n\t\t\t\t<\/div>\n\t\t<div class=\"elementor-element elementor-element-b2904ed e-con-full e-flex e-con e-parent\" data-id=\"b2904ed\" data-element_type=\"container\" data-e-type=\"container\" data-settings=\"{&quot;background_background&quot;:&quot;classic&quot;}\">\n\t\t<div class=\"elementor-element elementor-element-6e6e40a e-con-full e-flex e-con e-child\" data-id=\"6e6e40a\" data-element_type=\"container\" data-e-type=\"container\">\n\t\t\t\t<div class=\"elementor-element elementor-element-f35eb26 elementor-widget elementor-widget-image\" data-id=\"f35eb26\" data-element_type=\"widget\" data-e-type=\"widget\" data-widget_type=\"image.default\">\n\t\t\t\t<div class=\"elementor-widget-container\">\n\t\t\t\t\t\t\t\t\t\t\t\t\t\t\t<img decoding=\"async\" width=\"640\" height=\"453\" src=\"https:\/\/cubezero.be\/wp-content\/uploads\/2025\/05\/28-768x543.png\" class=\"attachment-medium_large size-medium_large wp-image-1532\" alt=\"vrijgezellen escape room\" srcset=\"https:\/\/cubezero.be\/wp-content\/uploads\/2025\/05\/28-768x543.png 768w, https:\/\/cubezero.be\/wp-content\/uploads\/2025\/05\/28-300x212.png 300w, https:\/\/cubezero.be\/wp-content\/uploads\/2025\/05\/28-1024x724.png 1024w, https:\/\/cubezero.be\/wp-content\/uploads\/2025\/05\/28-1536x1086.png 1536w, https:\/\/cubezero.be\/wp-content\/uploads\/2025\/05\/28-18x12.png 18w, https:\/\/cubezero.be\/wp-content\/uploads\/2025\/05\/28.png 2000w\" sizes=\"(max-width: 640px) 100vw, 640px\" \/>\t\t\t\t\t\t\t\t\t\t\t\t\t\t\t<\/div>\n\t\t\t\t<\/div>\n\t\t\t\t<\/div>\n\t\t<div class=\"elementor-element elementor-element-bce0592 e-con-full e-flex e-con e-child\" data-id=\"bce0592\" data-element_type=\"container\" data-e-type=\"container\" data-settings=\"{&quot;background_background&quot;:&quot;video&quot;}\">\n\t\t\t\t<div class=\"elementor-element elementor-element-350d8ef elementor-widget elementor-widget-text-editor\" data-id=\"350d8ef\" data-element_type=\"widget\" data-e-type=\"widget\" data-widget_type=\"text-editor.default\">\n\t\t\t\t<div class=\"elementor-widget-container\">\n\t\t\t\t\t\t\t\t\t<p><strong>Vous cherchez \u00e0 relever un d\u00e9fi passionnant avec vos coll\u00e8gues ?<\/strong><br \/>Vous \u00eates au bon endroit !<\/p><p>Vous \u00eates sur le point d'embarquer pour un voyage plein d'\u00e9nigmes, de secrets et de rebondissements inattendus.<\/p><p>Chez Cube, nous combinons une histoire immersive avec des \u00e9nigmes stimulantes pour offrir \u00e0 toute l'\u00e9quipe une exp\u00e9rience inoubliable.<\/p><p>Se faire volontairement enfermer pour s'\u00e9chapper \u00e0 nouveau.<\/p><p>R\u00e9solvez des \u00e9nigmes et collectez des objets pour vous rapprocher de la sortie.<br \/>Vous avez une heure devant vous. L'adr\u00e9naline se r\u00e9pand dans le corps.<\/p><p>Que vous soyez un v\u00e9t\u00e9ran des jeux d'\u00e9vasion ou que vous essayiez d'y \u00e9chapper pour la premi\u00e8re fois, une exp\u00e9rience que vous n'\u00eates pas pr\u00eat d'oublier vous attend.<\/p><p><strong>Votre \u00e9quipe ose-t-elle ? <\/strong><\/p>\t\t\t\t\t\t\t\t<\/div>\n\t\t\t\t<\/div>\n\t\t\t\t<\/div>\n\t\t\t\t<\/div>\n\t\t<div class=\"elementor-element elementor-element-6a48473 e-flex e-con-boxed e-con e-parent\" data-id=\"6a48473\" data-element_type=\"container\" data-e-type=\"container\" data-settings=\"{&quot;background_background&quot;:&quot;classic&quot;}\">\n\t\t\t\t\t<div class=\"e-con-inner\">\n\t\t<div class=\"elementor-element elementor-element-8d41351 e-con-full e-flex e-con e-child\" data-id=\"8d41351\" data-element_type=\"container\" data-e-type=\"container\">\n\t\t\t\t<div class=\"elementor-element elementor-element-446df74 animated-slow elementor-widget elementor-widget-escapium-heading-title\" data-id=\"446df74\" data-element_type=\"widget\" data-e-type=\"widget\" data-settings=\"{&quot;_animation&quot;:&quot;none&quot;}\" data-widget_type=\"escapium-heading-title.default\">\n\t\t\t\t<div class=\"elementor-widget-container\">\n\t\t\t\t\t\n\t\t<div class=\"section-heading section-heading--divider-top\">\n\t\t\t<h2 class=\"section-heading__title\">HAPPY NEW YEAR! <\/h2>\n\t\t\t\t\t<\/div>\n\n\t\t\t\t\t\t<\/div>\n\t\t\t\t<\/div>\n\t\t\t\t<div class=\"elementor-element elementor-element-af52fff animated-slow elementor-widget elementor-widget-text-editor\" data-id=\"af52fff\" data-element_type=\"widget\" data-e-type=\"widget\" data-settings=\"{&quot;_animation&quot;:&quot;none&quot;,&quot;_animation_delay&quot;:100}\" data-widget_type=\"text-editor.default\">\n\t\t\t\t<div class=\"elementor-widget-container\">\n\t\t\t\t\t\t\t\t\t<p>R\u00e9servez d\u00e8s maintenant pour au moins 10 personnes et recevez des boissons gratuites \u00e0 l'issue de l'\u00e9v\u00e9nement, ainsi qu'un souvenir unique de team building.\u00a0<\/p>\t\t\t\t\t\t\t\t<\/div>\n\t\t\t\t<\/div>\n\t\t<div class=\"elementor-element elementor-element-12aab3b e-con-full e-flex e-con e-child\" data-id=\"12aab3b\" data-element_type=\"container\" data-e-type=\"container\">\n\t\t\t\t<div class=\"elementor-element elementor-element-f2a12c9 elementor-invisible elementor-widget elementor-widget-esc-button\" data-id=\"f2a12c9\" data-element_type=\"widget\" data-e-type=\"widget\" data-settings=\"{&quot;_animation&quot;:&quot;fadeInUp&quot;,&quot;_animation_delay&quot;:100}\" data-widget_type=\"esc-button.default\">\n\t\t\t\t<div class=\"elementor-widget-container\">\n\t\t\t\t\t\n\t\t<a href=\"\/fr\/contact2\/\" class=\"btn btn-lg btn-primary\">\n\t\t\t\t\t\tDemande d'information\t\t<\/a>\n\n\t\t\t\t\t\t<\/div>\n\t\t\t\t<\/div>\n\t\t\t\t<div class=\"elementor-element elementor-element-aed6a95 elementor-invisible elementor-widget elementor-widget-esc-button\" data-id=\"aed6a95\" data-element_type=\"widget\" data-e-type=\"widget\" data-settings=\"{&quot;_animation&quot;:&quot;fadeInUp&quot;,&quot;_animation_delay&quot;:100}\" data-widget_type=\"esc-button.default\">\n\t\t\t\t<div class=\"elementor-widget-container\">\n\t\t\t\t\t\n\t\t<a href=\"\/fr\/boeken\/\" class=\"btn btn-lg btn-primary\">\n\t\t\t\t\t\tR\u00e9server \t\t<\/a>\n\n\t\t\t\t\t\t<\/div>\n\t\t\t\t<\/div>\n\t\t\t\t<\/div>\n\t\t\t\t<\/div>\n\t\t\t\t\t<\/div>\n\t\t\t\t<\/div>\n\t\t<div class=\"elementor-element elementor-element-64abbf5 e-con-full e-flex e-con e-parent\" data-id=\"64abbf5\" data-element_type=\"container\" data-e-type=\"container\" data-settings=\"{&quot;background_background&quot;:&quot;classic&quot;}\">\n\t\t<div class=\"elementor-element elementor-element-023a5ef e-con-full e-flex e-con e-child\" data-id=\"023a5ef\" data-element_type=\"container\" data-e-type=\"container\" data-settings=\"{&quot;background_background&quot;:&quot;video&quot;}\">\n\t\t\t\t<div class=\"elementor-element elementor-element-659649e elementor-widget elementor-widget-heading\" data-id=\"659649e\" data-element_type=\"widget\" data-e-type=\"widget\" data-widget_type=\"heading.default\">\n\t\t\t\t<div class=\"elementor-widget-container\">\n\t\t\t\t\t<h2 class=\"elementor-heading-title elementor-size-default\">Pourquoi choisir le Cube Z\u00e9ro comme team building ?<\/h2>\t\t\t\t<\/div>\n\t\t\t\t<\/div>\n\t\t\t\t<div class=\"elementor-element elementor-element-ca31c27 elementor-widget elementor-widget-text-editor\" data-id=\"ca31c27\" data-element_type=\"widget\" data-e-type=\"widget\" data-widget_type=\"text-editor.default\">\n\t\t\t\t<div class=\"elementor-widget-container\">\n\t\t\t\t\t\t\t\t\t<ul><li data-start=\"541\" data-end=\"667\"><p data-start=\"543\" data-end=\"667\"><strong data-start=\"543\" data-end=\"569\">Travailler ensemble sous pression<\/strong>: les coll\u00e8gues r\u00e9solvent des puzzles et des \u00e9nigmes difficiles, mettant en valeur le talent de chacun.<\/p><\/li><li data-start=\"668\" data-end=\"764\"><p data-start=\"670\" data-end=\"764\"><strong data-start=\"670\" data-end=\"695\">La communication en action<\/strong>Le succ\u00e8s de l'initiative : le succ\u00e8s n'est possible que gr\u00e2ce \u00e0 une consultation ad\u00e9quate et \u00e0 des accords clairs.<\/p><\/li><li data-start=\"765\" data-end=\"894\"><p data-start=\"767\" data-end=\"894\"><strong data-start=\"767\" data-end=\"792\">Plaisir et adr\u00e9naline<\/strong>: une escape room est amusante, intense et cr\u00e9e des souvenirs partag\u00e9s qui renforcent l'esprit d'\u00e9quipe.<\/p><\/li><\/ul><p>Une escape room au Cube Zero est le moyen id\u00e9al de pimenter une r\u00e9union, une formation ou un \u00e9v\u00e9nement d'entreprise avec une dose d'aventure. Votre \u00e9quipe sortira litt\u00e9ralement de sa routine quotidienne et apprendra \u00e0 se conna\u00eetre d'une nouvelle mani\u00e8re.<\/p><p>\ud83d\udc49 <strong data-start=\"1572\" data-end=\"1606\">Pr\u00eat \u00e0 d\u00e9fier votre \u00e9quipe ?<\/strong><br data-start=\"1606\" data-end=\"1609\" \/>D\u00e9couvrez nos salles d'\u00e9vasion \u00e0 Gand et \u00e0 Courtrai et r\u00e9servez d\u00e8s aujourd'hui votre \u00e9v\u00e9nement de teambuilding ou d'entreprise.<\/p>\t\t\t\t\t\t\t\t<\/div>\n\t\t\t\t<\/div>\n\t\t\t\t<\/div>\n\t\t<div class=\"elementor-element elementor-element-d1a792e e-con-full e-flex e-con e-child\" data-id=\"d1a792e\" data-element_type=\"container\" data-e-type=\"container\">\n\t\t\t\t<div class=\"elementor-element elementor-element-a94de83 elementor-widget elementor-widget-image\" data-id=\"a94de83\" data-element_type=\"widget\" data-e-type=\"widget\" data-widget_type=\"image.default\">\n\t\t\t\t<div class=\"elementor-widget-container\">\n\t\t\t\t\t\t\t\t\t\t\t\t\t\t\t<img decoding=\"async\" width=\"640\" height=\"453\" src=\"https:\/\/cubezero.be\/wp-content\/uploads\/2025\/05\/30-768x543.png\" class=\"attachment-medium_large size-medium_large wp-image-1534\" alt=\"teambuilding Oost-Vlaanderen \/ West-Vlaanderen\" srcset=\"https:\/\/cubezero.be\/wp-content\/uploads\/2025\/05\/30-768x543.png 768w, https:\/\/cubezero.be\/wp-content\/uploads\/2025\/05\/30-300x212.png 300w, https:\/\/cubezero.be\/wp-content\/uploads\/2025\/05\/30-1024x724.png 1024w, https:\/\/cubezero.be\/wp-content\/uploads\/2025\/05\/30-1536x1086.png 1536w, https:\/\/cubezero.be\/wp-content\/uploads\/2025\/05\/30-18x12.png 18w, https:\/\/cubezero.be\/wp-content\/uploads\/2025\/05\/30.png 2000w\" sizes=\"(max-width: 640px) 100vw, 640px\" \/>\t\t\t\t\t\t\t\t\t\t\t\t\t\t\t<\/div>\n\t\t\t\t<\/div>\n\t\t\t\t<\/div>\n\t\t\t\t<\/div>\n\t\t<div class=\"elementor-element elementor-element-7c9bbdc e-con-full e-flex e-con e-parent\" data-id=\"7c9bbdc\" data-element_type=\"container\" data-e-type=\"container\" data-settings=\"{&quot;background_background&quot;:&quot;classic&quot;}\">\n\t\t<div class=\"elementor-element elementor-element-f8d60d7 e-con-full e-flex e-con e-child\" data-id=\"f8d60d7\" data-element_type=\"container\" data-e-type=\"container\">\n\t\t\t\t<div class=\"elementor-element elementor-element-d955bd8 elementor-widget elementor-widget-escapium-iconbox\" data-id=\"d955bd8\" data-element_type=\"widget\" data-e-type=\"widget\" data-widget_type=\"escapium-iconbox.default\">\n\t\t\t\t<div class=\"elementor-widget-container\">\n\t\t\t\t\t\n\t\t<!-- Icobox -->\n\t\t<div class=\"icobox\">\n\t\t\t<div class=\"icobox__icon-wrapper\">\n\t\t\t\t<div class=\"icobox__icon\">\n\t\t\t\t\t<i class=\"ion-android-bar\"><\/i>\n\t\t\t\t<\/div>\n\t\t\t<\/div>\n\t\t\t<h3 class=\"icobox__title\">Restauration et fournitures Edge.<\/h3>\n\t\t\t<div class=\"icobox__desc\">\n\t\t\t\tNous vous d\u00e9chargeons compl\u00e8tement. \t\t\t\t\n\t\t\t<\/div>\n\t\t<\/div>\n\t\t<!-- Icobox \/ End -->\n\n\t\t\t\t\t\t<\/div>\n\t\t\t\t<\/div>\n\t\t\t\t<div class=\"elementor-element elementor-element-69971c7 elementor-widget elementor-widget-image\" data-id=\"69971c7\" data-element_type=\"widget\" data-e-type=\"widget\" data-widget_type=\"image.default\">\n\t\t\t\t<div class=\"elementor-widget-container\">\n\t\t\t\t\t\t\t\t\t\t\t\t\t\t\t<img loading=\"lazy\" decoding=\"async\" width=\"640\" height=\"424\" src=\"https:\/\/cubezero.be\/wp-content\/uploads\/2025\/09\/Screenshot-208-768x509.jpg\" class=\"attachment-medium_large size-medium_large wp-image-1717\" alt=\"\" srcset=\"https:\/\/cubezero.be\/wp-content\/uploads\/2025\/09\/Screenshot-208-768x509.jpg 768w, https:\/\/cubezero.be\/wp-content\/uploads\/2025\/09\/Screenshot-208-300x199.jpg 300w, https:\/\/cubezero.be\/wp-content\/uploads\/2025\/09\/Screenshot-208-1024x678.jpg 1024w, https:\/\/cubezero.be\/wp-content\/uploads\/2025\/09\/Screenshot-208-18x12.jpg 18w, https:\/\/cubezero.be\/wp-content\/uploads\/2025\/09\/Screenshot-208.JPG 1113w\" sizes=\"(max-width: 640px) 100vw, 640px\" \/>\t\t\t\t\t\t\t\t\t\t\t\t\t\t\t<\/div>\n\t\t\t\t<\/div>\n\t\t\t\t<\/div>\n\t\t<div class=\"elementor-element elementor-element-4b2d443 e-con-full e-flex e-con e-child\" data-id=\"4b2d443\" data-element_type=\"container\" data-e-type=\"container\" data-settings=\"{&quot;background_background&quot;:&quot;video&quot;}\">\n\t\t\t\t<div class=\"elementor-element elementor-element-8b4d783 elementor-widget elementor-widget-text-editor\" data-id=\"8b4d783\" data-element_type=\"widget\" data-e-type=\"widget\" data-widget_type=\"text-editor.default\">\n\t\t\t\t<div class=\"elementor-widget-container\">\n\t\t\t\t\t\t\t\t\t<p>Outre les aventures passionnantes des salles d'\u00e9vasion, nous offrons \u00e9galement un soutien complet pour les \u00e9v\u00e9nements d'entreprise.<\/p><p>Pensez aux boissons, au d\u00eener qui suivra et \u00e0 tous les accessoires n\u00e9cessaires pour faire de votre journ\u00e9e d'\u00e9quipe ou de votre sortie d'entreprise une exp\u00e9rience globale r\u00e9ussie.<\/p><p><strong>Nous fournissons le cadre, vous fournissez l'esprit d'\u00e9quipe !<\/strong><\/p>\t\t\t\t\t\t\t\t<\/div>\n\t\t\t\t<\/div>\n\t\t\t\t<div class=\"elementor-element elementor-element-cebf8fa elementor-widget elementor-widget-image\" data-id=\"cebf8fa\" data-element_type=\"widget\" data-e-type=\"widget\" data-widget_type=\"image.default\">\n\t\t\t\t<div class=\"elementor-widget-container\">\n\t\t\t\t\t\t\t\t\t\t\t\t\t\t\t<img loading=\"lazy\" decoding=\"async\" width=\"640\" height=\"425\" src=\"https:\/\/cubezero.be\/wp-content\/uploads\/2025\/09\/Screenshot-210-768x510.jpg\" class=\"attachment-medium_large size-medium_large wp-image-1718\" alt=\"\" srcset=\"https:\/\/cubezero.be\/wp-content\/uploads\/2025\/09\/Screenshot-210-768x510.jpg 768w, https:\/\/cubezero.be\/wp-content\/uploads\/2025\/09\/Screenshot-210-300x199.jpg 300w, https:\/\/cubezero.be\/wp-content\/uploads\/2025\/09\/Screenshot-210-1024x681.jpg 1024w, https:\/\/cubezero.be\/wp-content\/uploads\/2025\/09\/Screenshot-210-18x12.jpg 18w, https:\/\/cubezero.be\/wp-content\/uploads\/2025\/09\/Screenshot-210.JPG 1112w\" sizes=\"(max-width: 640px) 100vw, 640px\" \/>\t\t\t\t\t\t\t\t\t\t\t\t\t\t\t<\/div>\n\t\t\t\t<\/div>\n\t\t\t\t<\/div>\n\t\t\t\t<\/div>\n\t\t\t\t<section class=\"elementor-section elementor-top-section elementor-element elementor-element-18bda6df elementor-section-boxed elementor-section-height-default elementor-section-height-default\" data-id=\"18bda6df\" data-element_type=\"section\" data-e-type=\"section\" data-settings=\"{&quot;background_background&quot;:&quot;classic&quot;}\">\n\t\t\t\t\t\t<div class=\"elementor-container elementor-column-gap-default\">\n\t\t\t\t\t<div class=\"elementor-column elementor-col-100 elementor-top-column elementor-element elementor-element-6071e8bd\" data-id=\"6071e8bd\" data-element_type=\"column\" data-e-type=\"column\">\n\t\t\t<div class=\"elementor-widget-wrap elementor-element-populated\">\n\t\t\t\t\t\t<div class=\"elementor-element elementor-element-5d8ef47d elementor-widget elementor-widget-spacer\" data-id=\"5d8ef47d\" data-element_type=\"widget\" data-e-type=\"widget\" data-widget_type=\"spacer.default\">\n\t\t\t\t<div class=\"elementor-widget-container\">\n\t\t\t\t\t\t\t<div class=\"elementor-spacer\">\n\t\t\t<div class=\"elementor-spacer-inner\"><\/div>\n\t\t<\/div>\n\t\t\t\t\t\t<\/div>\n\t\t\t\t<\/div>\n\t\t\t\t<div class=\"elementor-element elementor-element-78f1ca37 animated-slow elementor-invisible elementor-widget elementor-widget-escapium-heading-title\" data-id=\"78f1ca37\" data-element_type=\"widget\" data-e-type=\"widget\" data-settings=\"{&quot;_animation&quot;:&quot;fadeIn&quot;}\" data-widget_type=\"escapium-heading-title.default\">\n\t\t\t\t<div class=\"elementor-widget-container\">\n\t\t\t\t\t\n\t\t<div class=\"section-heading section-heading--divider-top\">\n\t\t\t<h2 class=\"section-heading__title\">Pr\u00eat pour l'\u00e9vasion ?<\/h2>\n\t\t\t\t\t<\/div>\n\n\t\t\t\t\t\t<\/div>\n\t\t\t\t<\/div>\n\t\t\t\t<div class=\"elementor-element elementor-element-5ba54a7c animated-slow elementor-invisible elementor-widget elementor-widget-text-editor\" data-id=\"5ba54a7c\" data-element_type=\"widget\" data-e-type=\"widget\" data-settings=\"{&quot;_animation&quot;:&quot;fadeIn&quot;,&quot;_animation_delay&quot;:100}\" data-widget_type=\"text-editor.default\">\n\t\t\t\t<div class=\"elementor-widget-container\">\n\t\t\t\t\t\t\t\t\t<p>Ensemble, tout le monde fait plus<\/p>\t\t\t\t\t\t\t\t<\/div>\n\t\t\t\t<\/div>\n\t\t\t\t<div class=\"elementor-element elementor-element-2df912c6 elementor-invisible elementor-widget elementor-widget-esc-button\" data-id=\"2df912c6\" data-element_type=\"widget\" data-e-type=\"widget\" data-settings=\"{&quot;_animation&quot;:&quot;fadeInUp&quot;,&quot;_animation_delay&quot;:100}\" data-widget_type=\"esc-button.default\">\n\t\t\t\t<div class=\"elementor-widget-container\">\n\t\t\t\t\t\n\t\t<a href=\"\/fr\/boeken\/\" class=\"btn btn-lg btn-primary\">\n\t\t\t\t\t\tR\u00e9server \t\t<\/a>\n\n\t\t\t\t\t\t<\/div>\n\t\t\t\t<\/div>\n\t\t\t\t<div class=\"elementor-element elementor-element-5c582954 elementor-widget elementor-widget-spacer\" data-id=\"5c582954\" data-element_type=\"widget\" data-e-type=\"widget\" data-widget_type=\"spacer.default\">\n\t\t\t\t<div class=\"elementor-widget-container\">\n\t\t\t\t\t\t\t<div class=\"elementor-spacer\">\n\t\t\t<div class=\"elementor-spacer-inner\"><\/div>\n\t\t<\/div>\n\t\t\t\t\t\t<\/div>\n\t\t\t\t<\/div>\n\t\t\t\t\t<\/div>\n\t\t<\/div>\n\t\t\t\t\t<\/div>\n\t\t<\/section>\n\t\t\t\t<\/div>","protected":false},"excerpt":{"rendered":"<p>Qu'il s'agisse d'un petit groupe de coll\u00e8gues ou d'un grand \u00e9v\u00e9nement d'entreprise, nous vous proposons une organisation professionnelle adapt\u00e9e \u00e0 vos besoins : Teambuildings pour des groupes de taille variable Options de restauration et de r\u00e9ception Formules flexibles pour des demi-journ\u00e9es ou des journ\u00e9es enti\u00e8res Sites \u00e0 Gand et \u00e0 Courtrai, facilement accessibles pour chaque \u00e9quipe A la recherche d'un d\u00e9fi passionnant [...]<\/p>","protected":false},"author":1,"featured_media":0,"parent":0,"menu_order":0,"comment_status":"closed","ping_status":"closed","template":"elementor_header_footer","meta":{"_acf_changed":false,"footnotes":""},"class_list":["post-1794","page","type-page","status-publish","hentry"],"acf":[],"aioseo_notices":[],"_links":{"self":[{"href":"https:\/\/cubezero.be\/fr\/wp-json\/wp\/v2\/pages\/1794","targetHints":{"allow":["GET"]}}],"collection":[{"href":"https:\/\/cubezero.be\/fr\/wp-json\/wp\/v2\/pages"}],"about":[{"href":"https:\/\/cubezero.be\/fr\/wp-json\/wp\/v2\/types\/page"}],"author":[{"embeddable":true,"href":"https:\/\/cubezero.be\/fr\/wp-json\/wp\/v2\/users\/1"}],"replies":[{"embeddable":true,"href":"https:\/\/cubezero.be\/fr\/wp-json\/wp\/v2\/comments?post=1794"}],"version-history":[{"count":5,"href":"https:\/\/cubezero.be\/fr\/wp-json\/wp\/v2\/pages\/1794\/revisions"}],"predecessor-version":[{"id":1829,"href":"https:\/\/cubezero.be\/fr\/wp-json\/wp\/v2\/pages\/1794\/revisions\/1829"}],"wp:attachment":[{"href":"https:\/\/cubezero.be\/fr\/wp-json\/wp\/v2\/media?parent=1794"}],"curies":[{"name":"wp","href":"https:\/\/api.w.org\/{rel}","templated":true}]}}