{"id":16,"date":"2018-09-04T16:49:56","date_gmt":"2018-09-04T16:49:56","guid":{"rendered":"http:\/\/escapium-wp.dan-fisher.com\/?page_id=16"},"modified":"2025-07-09T12:54:22","modified_gmt":"2025-07-09T12:54:22","slug":"over","status":"publish","type":"page","link":"https:\/\/cubezero.be\/fr\/over\/","title":{"rendered":"A propos de nous"},"content":{"rendered":"<div data-elementor-type=\"wp-post\" data-elementor-id=\"16\" class=\"elementor elementor-16\">\n\t\t\t\t<div class=\"elementor-element elementor-element-e5edb1b e-con-full e-flex e-con e-parent\" data-id=\"e5edb1b\" data-element_type=\"container\" data-e-type=\"container\" data-settings=\"{&quot;background_background&quot;:&quot;classic&quot;}\">\n\t\t<div class=\"elementor-element elementor-element-708222e e-con-full e-flex e-con e-child\" data-id=\"708222e\" data-element_type=\"container\" data-e-type=\"container\">\n\t\t\t\t<div class=\"elementor-element elementor-element-e8998b1 elementor-widget elementor-widget-escapium-iconbox\" data-id=\"e8998b1\" data-element_type=\"widget\" data-e-type=\"widget\" data-widget_type=\"escapium-iconbox.default\">\n\t\t\t\t<div class=\"elementor-widget-container\">\n\t\t\t\t\t\n\t\t<!-- Icobox -->\n\t\t<div class=\"icobox\">\n\t\t\t<div class=\"icobox__icon-wrapper\">\n\t\t\t\t<div class=\"icobox__icon\">\n\t\t\t\t\t<i class=\"ion-cube\"><\/i>\n\t\t\t\t<\/div>\n\t\t\t<\/div>\n\t\t\t<h3 class=\"icobox__title\">Cube Zero Gand &amp; Cube One Courtrai<\/h3>\n\t\t\t<div class=\"icobox__desc\">\n\t\t\t\t\t\t\t\t\n\t\t\t<\/div>\n\t\t<\/div>\n\t\t<!-- Icobox \/ End -->\n\n\t\t\t\t\t\t<\/div>\n\t\t\t\t<\/div>\n\t\t\t\t<div class=\"elementor-element elementor-element-f725046 elementor-widget elementor-widget-text-editor\" data-id=\"f725046\" data-element_type=\"widget\" data-e-type=\"widget\" data-widget_type=\"text-editor.default\">\n\t\t\t\t<div class=\"elementor-widget-container\">\n\t\t\t\t\t\t\t\t\t<p>Nous sommes une \u00e9quipe de jeunes entrepreneurs enthousiastes mais exp\u00e9riment\u00e9s qui ont estim\u00e9 que ce type d'attraction avait sa place dans certaines villes flamandes. <br><br>Et c'est ainsi qu'en 2015, un r\u00eave est soudain devenu un projet, puis une r\u00e9alit\u00e9... Chaque jeu part d'une id\u00e9e unique, est con\u00e7u et construit par nous-m\u00eames ; o\u00f9 nous voulons maximiser le plaisir pour tout le monde, petits et grands.<\/p>\n<p>Nous avons commenc\u00e9 en 2015 \u00e0 Gand - o\u00f9 nous avons maintenant 6 jeux ; les groupes de +40 personnes sont les bienvenus ! En 2016, nous avons d\u00e9m\u00e9nag\u00e9 \u00e0 Courtrai, o\u00f9 nous avons construit 3 jeux d'\u00e9vasion.&nbsp;<\/p>\n<p>Des jeux personnalis\u00e9s ? Nous avons \u00e9galement de l'exp\u00e9rience dans ce domaine. Nous avons cr\u00e9\u00e9 plusieurs escape rooms personnalis\u00e9es pour Google, Fox Belgium, Lumi\u00e8re, MediaMarkt, entre autres, <br>Jeu d'\u00e9t\u00e9 et ville de Gand.&nbsp;<br><br>En outre, les sites de Gand et de Courtrai figuraient parmi les dix salles d'\u00e9vasion s\u00e9lectionn\u00e9es par \"The Code of Coppens<\/p>\n<p>Suivez-nous sur Facebook, parlez-en \u00e0 vos amis, nous ferons en sorte que vous ne le regrettiez pas !<\/p>\t\t\t\t\t\t\t\t<\/div>\n\t\t\t\t<\/div>\n\t\t\t\t<\/div>\n\t\t<div class=\"elementor-element elementor-element-36b8646 e-con-full e-flex e-con e-child\" data-id=\"36b8646\" data-element_type=\"container\" data-e-type=\"container\" data-settings=\"{&quot;background_background&quot;:&quot;video&quot;}\">\n\t\t\t\t<div class=\"elementor-element elementor-element-62a4b40 elementor-widget elementor-widget-video\" data-id=\"62a4b40\" data-element_type=\"widget\" data-e-type=\"widget\" data-settings=\"{&quot;youtube_url&quot;:&quot;https:\\\/\\\/youtu.be\\\/1gRXO6J-LqI&quot;,&quot;show_image_overlay&quot;:&quot;yes&quot;,&quot;image_overlay&quot;:{&quot;url&quot;:&quot;https:\\\/\\\/cubezero.be\\\/wp-content\\\/uploads\\\/2025\\\/05\\\/header-locatie-2.jpg&quot;,&quot;id&quot;:1142,&quot;size&quot;:&quot;&quot;,&quot;alt&quot;:&quot;&quot;,&quot;source&quot;:&quot;library&quot;},&quot;autoplay&quot;:&quot;yes&quot;,&quot;play_on_mobile&quot;:&quot;yes&quot;,&quot;video_type&quot;:&quot;youtube&quot;,&quot;controls&quot;:&quot;yes&quot;}\" data-widget_type=\"video.default\">\n\t\t\t\t<div class=\"elementor-widget-container\">\n\t\t\t\t\t\t\t<div class=\"elementor-wrapper elementor-open-inline\">\n\t\t\t<div class=\"elementor-video\"><\/div>\t\t\t\t<div class=\"elementor-custom-embed-image-overlay\" style=\"background-image: url(https:\/\/cubezero.be\/wp-content\/uploads\/2025\/05\/header-locatie-2.jpg);\">\n\t\t\t\t\t\t\t\t\t\t\t\t\t\t\t\t<div class=\"elementor-custom-embed-play\" role=\"button\" aria-label=\"Lire la vid\u00e9o\" tabindex=\"0\">\n\t\t\t\t\t\t\t<svg aria-hidden=\"true\" class=\"e-font-icon-svg e-eicon-play\" viewbox=\"0 0 1000 1000\" xmlns=\"http:\/\/www.w3.org\/2000\/svg\"><path d=\"M838 162C746 71 633 25 500 25 371 25 258 71 163 162 71 254 25 367 25 500 25 633 71 746 163 837 254 929 367 979 500 979 633 979 746 933 838 837 929 746 975 633 975 500 975 367 929 254 838 162M808 192C892 279 933 379 933 500 933 621 892 725 808 808 725 892 621 938 500 938 379 938 279 896 196 808 113 725 67 621 67 500 67 379 108 279 196 192 279 108 383 62 500 62 621 62 721 108 808 192M438 392V642L642 517 438 392Z\"><\/path><\/svg>\t\t\t\t\t\t<\/div>\n\t\t\t\t\t\t\t\t\t<\/div>\n\t\t\t\t\t<\/div>\n\t\t\t\t\t\t<\/div>\n\t\t\t\t<\/div>\n\t\t\t\t<\/div>\n\t\t\t\t<\/div>\n\t\t\t\t<section class=\"elementor-section elementor-top-section elementor-element elementor-element-e21d3ce elementor-section-boxed elementor-section-height-default elementor-section-height-default\" data-id=\"e21d3ce\" data-element_type=\"section\" data-e-type=\"section\">\n\t\t\t\t\t\t<div class=\"elementor-container elementor-column-gap-default\">\n\t\t\t\t\t<div class=\"elementor-column elementor-col-100 elementor-top-column elementor-element elementor-element-973684b\" data-id=\"973684b\" data-element_type=\"column\" data-e-type=\"column\">\n\t\t\t<div class=\"elementor-widget-wrap elementor-element-populated\">\n\t\t\t\t\t\t<div class=\"elementor-element elementor-element-4bfc8ac elementor-widget elementor-widget-spacer\" data-id=\"4bfc8ac\" data-element_type=\"widget\" data-e-type=\"widget\" data-widget_type=\"spacer.default\">\n\t\t\t\t<div class=\"elementor-widget-container\">\n\t\t\t\t\t\t\t<div class=\"elementor-spacer\">\n\t\t\t<div class=\"elementor-spacer-inner\"><\/div>\n\t\t<\/div>\n\t\t\t\t\t\t<\/div>\n\t\t\t\t<\/div>\n\t\t\t\t\t<\/div>\n\t\t<\/div>\n\t\t\t\t\t<\/div>\n\t\t<\/section>\n\t\t\t\t<section class=\"elementor-section elementor-top-section elementor-element elementor-element-58aa154 elementor-section-boxed elementor-section-height-default elementor-section-height-default\" data-id=\"58aa154\" data-element_type=\"section\" data-e-type=\"section\" data-settings=\"{&quot;background_background&quot;:&quot;classic&quot;}\">\n\t\t\t\t\t\t<div class=\"elementor-container elementor-column-gap-default\">\n\t\t\t\t\t<div class=\"elementor-column elementor-col-100 elementor-top-column elementor-element elementor-element-e347904\" data-id=\"e347904\" data-element_type=\"column\" data-e-type=\"column\">\n\t\t\t<div class=\"elementor-widget-wrap elementor-element-populated\">\n\t\t\t\t\t\t<div class=\"elementor-element elementor-element-1e5a68d elementor-widget elementor-widget-spacer\" data-id=\"1e5a68d\" data-element_type=\"widget\" data-e-type=\"widget\" data-widget_type=\"spacer.default\">\n\t\t\t\t<div class=\"elementor-widget-container\">\n\t\t\t\t\t\t\t<div class=\"elementor-spacer\">\n\t\t\t<div class=\"elementor-spacer-inner\"><\/div>\n\t\t<\/div>\n\t\t\t\t\t\t<\/div>\n\t\t\t\t<\/div>\n\t\t\t\t<div class=\"elementor-element elementor-element-c9cf21f elementor-widget elementor-widget-escapium-heading-title\" data-id=\"c9cf21f\" data-element_type=\"widget\" data-e-type=\"widget\" data-widget_type=\"escapium-heading-title.default\">\n\t\t\t\t<div class=\"elementor-widget-container\">\n\t\t\t\t\t\n\t\t<div class=\"section-heading section-heading--divider-top\">\n\t\t\t<h2 class=\"section-heading__title\">Ce que les gens disent...<\/h2>\n\t\t\t\t\t\t<div class=\"section-heading__subtitle\">\n\t\t\t\t\t\t\t\t<a href=\"#\"  rel=\"nofollow\" target=\"_blank\">Bas\u00e9 sur les avis de Google<\/a>\n\t\t\t\t\t\t\t<\/div>\n\t\t\t\t\t<\/div>\n\n\t\t\t\t\t\t<\/div>\n\t\t\t\t<\/div>\n\t\t\t\t<div class=\"elementor-element elementor-element-b77048b elementor-widget elementor-widget-escapium-testimonials\" data-id=\"b77048b\" data-element_type=\"widget\" data-e-type=\"widget\" data-widget_type=\"escapium-testimonials.default\">\n\t\t\t\t<div class=\"elementor-widget-container\">\n\t\t\t\t\t\n\t\t\t\t\t<div class=\"testimonials js-testimonials-slick js-testimonials-slick-69d5b7754c15b slick--arrows-modern\" data-slick='{\"autoplay\": 1, \"autoplaySpeed\": 7000, \"slidesToShow\": 2}'>\n\t\t\t\t\t\t\t\t\t<div class=\"testimonial\">\n\t\t\t\t\t\t<blockquote class=\"testimonial__txt\">Tr\u00e8s amusant ! Fait avec des enfants et un peu trop difficile \u00e0 jouer en 1h mais ce n'est pas l'intention..... C'est bien fait ! Nous reviendrons pour les autres pi\u00e8ces !<\/blockquote>\n\t\t\t\t\t\t<div class=\"testimonial__meta\">\n\t\t\t\t\t\t\t<figure class=\"testimonial__author-img\"><img decoding=\"async\" src=\"https:\/\/cubezero.be\/wp-content\/uploads\/2025\/05\/Screenshot-2087.jpg\" alt=\"\"><\/figure>\n\t\t\t\t\t\t\t<h6 class=\"testimonial__author-name\">Liesbeth<\/h6>\n\t\t\t\t\t\t<\/div>\n\t\t\t\t\t<\/div>\n\t\t\t\t\t\t\t\t\t<div class=\"testimonial\">\n\t\t\t\t\t\t<blockquote class=\"testimonial__txt\">Salle d'\u00e9vasion tr\u00e8s amusante et passionnante ! Accueil sympathique par le personnel et narration tr\u00e8s agr\u00e9able et enthousiaste avant d'entrer dans notre escape room. Nous avons choisi Therasos lab : je ne donnerai pas de spoilers, mais c'est vraiment recommand\u00e9 !<\/blockquote>\n\t\t\t\t\t\t<div class=\"testimonial__meta\">\n\t\t\t\t\t\t\t<figure class=\"testimonial__author-img\"><img decoding=\"async\" src=\"https:\/\/cubezero.be\/wp-content\/uploads\/2025\/05\/Screenshot-2087.jpg\" alt=\"\"><\/figure>\n\t\t\t\t\t\t\t<h6 class=\"testimonial__author-name\">Rani<\/h6>\n\t\t\t\t\t\t<\/div>\n\t\t\t\t\t<\/div>\n\t\t\t\t\t\t\t\t\t<div class=\"testimonial\">\n\t\t\t\t\t\t<blockquote class=\"testimonial__txt\">Nous avons trouv\u00e9 cet endroit par hasard lors de notre visite \u00e0 Courtrai. Personnel sympathique ! L'escape room \u00e9tait tr\u00e8s bien organis\u00e9e, l'histoire \u00e9tait claire, il y avait une bonne variation entre les \u00e9nigmes faciles et les \u00e9nigmes difficiles. Hautement recommand\u00e9 !<\/blockquote>\n\t\t\t\t\t\t<div class=\"testimonial__meta\">\n\t\t\t\t\t\t\t<figure class=\"testimonial__author-img\"><img decoding=\"async\" src=\"https:\/\/cubezero.be\/wp-content\/uploads\/2025\/05\/Screenshot-2087.jpg\" alt=\"\"><\/figure>\n\t\t\t\t\t\t\t<h6 class=\"testimonial__author-name\">Kathy<\/h6>\n\t\t\t\t\t\t<\/div>\n\t\t\t\t\t<\/div>\n\t\t\t\t\t\t\t\t\t<div class=\"testimonial\">\n\t\t\t\t\t\t<blockquote class=\"testimonial__txt\">Belle salle d'escapade enti\u00e8rement th\u00e9matis\u00e9e et utilisable pour de grands groupes. L'unit\u00e9 85 est tr\u00e8s belle et le laboratoire \u00e9galement.<\/blockquote>\n\t\t\t\t\t\t<div class=\"testimonial__meta\">\n\t\t\t\t\t\t\t<figure class=\"testimonial__author-img\"><img decoding=\"async\" src=\"https:\/\/cubezero.be\/wp-content\/uploads\/2025\/05\/Screenshot-2087.jpg\" alt=\"\"><\/figure>\n\t\t\t\t\t\t\t<h6 class=\"testimonial__author-name\">Abel<\/h6>\n\t\t\t\t\t\t<\/div>\n\t\t\t\t\t<\/div>\n\t\t\t\t\t\t\t\t\t<div class=\"testimonial\">\n\t\t\t\t\t\t<blockquote class=\"testimonial__txt\">A recommander absolument pour une activit\u00e9 de groupe avec des amis ou des coll\u00e8gues ! Excellent accueil et personnel sympathique. Le temps passe vite ici en s'\u00e9vadant des chambres. J'ai vraiment appr\u00e9ci\u00e9 !<\/blockquote>\n\t\t\t\t\t\t<div class=\"testimonial__meta\">\n\t\t\t\t\t\t\t<figure class=\"testimonial__author-img\"><img decoding=\"async\" src=\"https:\/\/cubezero.be\/wp-content\/uploads\/2025\/05\/Screenshot-2087.jpg\" alt=\"\"><\/figure>\n\t\t\t\t\t\t\t<h6 class=\"testimonial__author-name\">Jens<\/h6>\n\t\t\t\t\t\t<\/div>\n\t\t\t\t\t<\/div>\n\t\t\t\t\t\t\t\t\t<div class=\"testimonial\">\n\t\t\t\t\t\t<blockquote class=\"testimonial__txt\">Une exp\u00e9rience tr\u00e8s amusante ! Id\u00e9al pour venir en groupe d'amis ou en famille. Accueil sympathique, escape room sympa avec des \u00e9nigmes originales. A recommander vivement.<\/blockquote>\n\t\t\t\t\t\t<div class=\"testimonial__meta\">\n\t\t\t\t\t\t\t<figure class=\"testimonial__author-img\"><img decoding=\"async\" src=\"https:\/\/cubezero.be\/wp-content\/uploads\/2025\/05\/Screenshot-2087.jpg\" alt=\"\"><\/figure>\n\t\t\t\t\t\t\t<h6 class=\"testimonial__author-name\">Dieter<\/h6>\n\t\t\t\t\t\t<\/div>\n\t\t\t\t\t<\/div>\n\t\t\t\t\t\t\t\t\t<div class=\"testimonial\">\n\t\t\t\t\t\t<blockquote class=\"testimonial__txt\">Un d\u00e9fi \u00e0 relever, mais pas impossible ! Une grande vari\u00e9t\u00e9 dans ce que vous avez \u00e0 faire et l'id\u00e9al pour renforcer votre esprit d'\u00e9quipe !<\/blockquote>\n\t\t\t\t\t\t<div class=\"testimonial__meta\">\n\t\t\t\t\t\t\t<figure class=\"testimonial__author-img\"><img decoding=\"async\" src=\"https:\/\/cubezero.be\/wp-content\/uploads\/2025\/05\/Screenshot-2087.jpg\" alt=\"\"><\/figure>\n\t\t\t\t\t\t\t<h6 class=\"testimonial__author-name\">Anna-Lisa<\/h6>\n\t\t\t\t\t\t<\/div>\n\t\t\t\t\t<\/div>\n\t\t\t\t\t\t\t<\/div>\n\t\t\n\t\t\t\t\t<\/div>\n\t\t\t\t<\/div>\n\t\t\t\t<div class=\"elementor-element elementor-element-152de3f elementor-widget elementor-widget-spacer\" data-id=\"152de3f\" data-element_type=\"widget\" data-e-type=\"widget\" data-widget_type=\"spacer.default\">\n\t\t\t\t<div class=\"elementor-widget-container\">\n\t\t\t\t\t\t\t<div class=\"elementor-spacer\">\n\t\t\t<div class=\"elementor-spacer-inner\"><\/div>\n\t\t<\/div>\n\t\t\t\t\t\t<\/div>\n\t\t\t\t<\/div>\n\t\t\t\t\t<\/div>\n\t\t<\/div>\n\t\t\t\t\t<\/div>\n\t\t<\/section>\n\t\t\t\t<\/div>","protected":false},"excerpt":{"rendered":"<p>Nous sommes une \u00e9quipe d'entrepreneurs enthousiastes, jeunes mais exp\u00e9riment\u00e9s, qui pensaient que ce type d'attraction avait sa place dans certaines villes flamandes. C'est ainsi qu'en 2015, un r\u00eave est soudainement devenu un plan, puis une r\u00e9alit\u00e9... Chaque jeu part d'une id\u00e9e unique, est con\u00e7u et construit par nous-m\u00eames ; o\u00f9 nous voulons rendre le plaisir [...]<\/p>","protected":false},"author":1,"featured_media":0,"parent":0,"menu_order":0,"comment_status":"closed","ping_status":"closed","template":"elementor_header_footer","meta":{"_acf_changed":false,"footnotes":""},"class_list":["post-16","page","type-page","status-publish","hentry"],"acf":[],"aioseo_notices":[],"_links":{"self":[{"href":"https:\/\/cubezero.be\/fr\/wp-json\/wp\/v2\/pages\/16","targetHints":{"allow":["GET"]}}],"collection":[{"href":"https:\/\/cubezero.be\/fr\/wp-json\/wp\/v2\/pages"}],"about":[{"href":"https:\/\/cubezero.be\/fr\/wp-json\/wp\/v2\/types\/page"}],"author":[{"embeddable":true,"href":"https:\/\/cubezero.be\/fr\/wp-json\/wp\/v2\/users\/1"}],"replies":[{"embeddable":true,"href":"https:\/\/cubezero.be\/fr\/wp-json\/wp\/v2\/comments?post=16"}],"version-history":[{"count":0,"href":"https:\/\/cubezero.be\/fr\/wp-json\/wp\/v2\/pages\/16\/revisions"}],"wp:attachment":[{"href":"https:\/\/cubezero.be\/fr\/wp-json\/wp\/v2\/media?parent=16"}],"curies":[{"name":"wp","href":"https:\/\/api.w.org\/{rel}","templated":true}]}}