{"id":1552,"date":"2025-07-07T18:26:28","date_gmt":"2025-07-07T18:26:28","guid":{"rendered":"https:\/\/cubezero.be\/?page_id=1552"},"modified":"2025-11-26T17:29:36","modified_gmt":"2025-11-26T17:29:36","slug":"prijzen","status":"publish","type":"page","link":"https:\/\/cubezero.be\/fr\/prijzen\/","title":{"rendered":"Prix"},"content":{"rendered":"<div data-elementor-type=\"wp-post\" data-elementor-id=\"1552\" class=\"elementor elementor-1552\">\n\t\t\t\t<div class=\"elementor-element elementor-element-e5edb1b e-flex e-con-boxed e-con e-parent\" data-id=\"e5edb1b\" data-element_type=\"container\" data-e-type=\"container\" data-settings=\"{&quot;background_background&quot;:&quot;classic&quot;}\">\n\t\t\t\t\t<div class=\"e-con-inner\">\n\t\t<div class=\"elementor-element elementor-element-708222e e-con-full e-flex e-con e-child\" data-id=\"708222e\" data-element_type=\"container\" data-e-type=\"container\">\n\t\t\t\t<div class=\"elementor-element elementor-element-e8998b1 elementor-widget elementor-widget-escapium-iconbox\" data-id=\"e8998b1\" data-element_type=\"widget\" data-e-type=\"widget\" data-widget_type=\"escapium-iconbox.default\">\n\t\t\t\t<div class=\"elementor-widget-container\">\n\t\t\t\t\t\n\t\t<!-- Icobox -->\n\t\t<div class=\"icobox\">\n\t\t\t<div class=\"icobox__icon-wrapper\">\n\t\t\t\t<div class=\"icobox__icon\">\n\t\t\t\t\t<i class=\"ion-ios-pricetags-outline\"><\/i>\n\t\t\t\t<\/div>\n\t\t\t<\/div>\n\t\t\t<h3 class=\"icobox__title\">Quel est le co\u00fbt ? <\/h3>\n\t\t\t<div class=\"icobox__desc\">\n\t\t\t\t\t\t\t\t\n\t\t\t<\/div>\n\t\t<\/div>\n\t\t<!-- Icobox \/ End -->\n\n\t\t\t\t\t\t<\/div>\n\t\t\t\t<\/div>\n\t\t\t\t<div class=\"elementor-element elementor-element-f725046 elementor-widget elementor-widget-text-editor\" data-id=\"f725046\" data-element_type=\"widget\" data-e-type=\"widget\" data-widget_type=\"text-editor.default\">\n\t\t\t\t<div class=\"elementor-widget-container\">\n\t\t\t\t\t\t\t\t\t<table style=\"width: 400px;\" border=\"1\"><tbody><tr><th width=\"150\">Joueurs #<\/th><th width=\"150\">Prix total<\/th><\/tr><tr><td align=\"center\">2 joueurs<\/td><td align=\"center\">80 euros<\/td><\/tr><tr><td align=\"center\">3 joueurs<\/td><td align=\"center\">90 euros<\/td><\/tr><tr><td align=\"center\">4 joueurs<\/td><td align=\"center\">110 euros<\/td><\/tr><tr><td align=\"center\">5 joueurs<\/td><td align=\"center\">125 euros<\/td><\/tr><tr><td align=\"center\">6 joueurs<\/td><td align=\"center\">140 euros<\/td><\/tr><tr><td colspan=\"2\" align=\"center\"><span style=\"text-decoration: underline;\">Sunset Motel - Unit\u00e9 85<\/span><\/td><\/tr><tr><td align=\"center\">7 joueurs<\/td><td align=\"center\">170 euros<\/td><\/tr><tr><td align=\"center\">8 joueurs\u00a0<\/td><td align=\"center\">190 euros<\/td><\/tr><\/tbody><\/table>\t\t\t\t\t\t\t\t<\/div>\n\t\t\t\t<\/div>\n\t\t\t\t<div class=\"elementor-element elementor-element-0d4e7a9 elementor-widget elementor-widget-text-editor\" data-id=\"0d4e7a9\" data-element_type=\"widget\" data-e-type=\"widget\" data-widget_type=\"text-editor.default\">\n\t\t\t\t<div class=\"elementor-widget-container\">\n\t\t\t\t\t\t\t\t\t<p>Ces prix comprennent l'accueil, les explications et une heure d'excitation, d'\u00e9nigmes et de travail d'\u00e9quipe.<\/p>\n<p>Vous souhaitez r\u00e9server une sortie d'entreprise ou un forfait de groupe ? <br>Contactez-nous pour un devis sur mesure !<\/p>\t\t\t\t\t\t\t\t<\/div>\n\t\t\t\t<\/div>\n\t\t\t\t<\/div>\n\t\t\t\t\t<\/div>\n\t\t\t\t<\/div>\n\t\t\t\t<section class=\"elementor-section elementor-top-section elementor-element elementor-element-e21d3ce elementor-section-boxed elementor-section-height-default elementor-section-height-default\" data-id=\"e21d3ce\" data-element_type=\"section\" data-e-type=\"section\">\n\t\t\t\t\t\t<div class=\"elementor-container elementor-column-gap-default\">\n\t\t\t\t\t<div class=\"elementor-column elementor-col-100 elementor-top-column elementor-element elementor-element-973684b\" data-id=\"973684b\" data-element_type=\"column\" data-e-type=\"column\">\n\t\t\t<div class=\"elementor-widget-wrap elementor-element-populated\">\n\t\t\t\t\t\t<div class=\"elementor-element elementor-element-4bfc8ac elementor-widget elementor-widget-spacer\" data-id=\"4bfc8ac\" data-element_type=\"widget\" data-e-type=\"widget\" data-widget_type=\"spacer.default\">\n\t\t\t\t<div class=\"elementor-widget-container\">\n\t\t\t\t\t\t\t<div class=\"elementor-spacer\">\n\t\t\t<div class=\"elementor-spacer-inner\"><\/div>\n\t\t<\/div>\n\t\t\t\t\t\t<\/div>\n\t\t\t\t<\/div>\n\t\t\t\t\t<\/div>\n\t\t<\/div>\n\t\t\t\t\t<\/div>\n\t\t<\/section>\n\t\t\t\t<section class=\"elementor-section elementor-top-section elementor-element elementor-element-58aa154 elementor-section-boxed elementor-section-height-default elementor-section-height-default\" data-id=\"58aa154\" data-element_type=\"section\" data-e-type=\"section\" data-settings=\"{&quot;background_background&quot;:&quot;classic&quot;}\">\n\t\t\t\t\t\t<div class=\"elementor-container elementor-column-gap-default\">\n\t\t\t\t\t<div class=\"elementor-column elementor-col-100 elementor-top-column elementor-element elementor-element-e347904\" data-id=\"e347904\" data-element_type=\"column\" data-e-type=\"column\">\n\t\t\t<div class=\"elementor-widget-wrap elementor-element-populated\">\n\t\t\t\t\t\t<div class=\"elementor-element elementor-element-1e5a68d elementor-widget elementor-widget-spacer\" data-id=\"1e5a68d\" data-element_type=\"widget\" data-e-type=\"widget\" data-widget_type=\"spacer.default\">\n\t\t\t\t<div class=\"elementor-widget-container\">\n\t\t\t\t\t\t\t<div class=\"elementor-spacer\">\n\t\t\t<div class=\"elementor-spacer-inner\"><\/div>\n\t\t<\/div>\n\t\t\t\t\t\t<\/div>\n\t\t\t\t<\/div>\n\t\t\t\t<div class=\"elementor-element elementor-element-c9cf21f elementor-widget elementor-widget-escapium-heading-title\" data-id=\"c9cf21f\" data-element_type=\"widget\" data-e-type=\"widget\" data-widget_type=\"escapium-heading-title.default\">\n\t\t\t\t<div class=\"elementor-widget-container\">\n\t\t\t\t\t\n\t\t<div class=\"section-heading section-heading--divider-top\">\n\t\t\t<h2 class=\"section-heading__title\">Ce que les gens disent...<\/h2>\n\t\t\t\t\t\t<div class=\"section-heading__subtitle\">\n\t\t\t\t\t\t\t\t<a href=\"#\"  rel=\"nofollow\" target=\"_blank\">Bas\u00e9 sur les avis de Google<\/a>\n\t\t\t\t\t\t\t<\/div>\n\t\t\t\t\t<\/div>\n\n\t\t\t\t\t\t<\/div>\n\t\t\t\t<\/div>\n\t\t\t\t<div class=\"elementor-element elementor-element-b77048b elementor-widget elementor-widget-escapium-testimonials\" data-id=\"b77048b\" data-element_type=\"widget\" data-e-type=\"widget\" data-widget_type=\"escapium-testimonials.default\">\n\t\t\t\t<div class=\"elementor-widget-container\">\n\t\t\t\t\t\n\t\t\t\t\t<div class=\"testimonials js-testimonials-slick js-testimonials-slick-69d59e81b0162 slick--arrows-modern\" data-slick='{\"autoplay\": 1, \"autoplaySpeed\": 7000, \"slidesToShow\": 2}'>\n\t\t\t\t\t\t\t\t\t<div class=\"testimonial\">\n\t\t\t\t\t\t<blockquote class=\"testimonial__txt\">Tr\u00e8s amusant ! Fait avec des enfants et un peu trop difficile \u00e0 jouer en 1h mais ce n'est pas l'intention..... C'est bien fait ! Nous reviendrons pour les autres pi\u00e8ces !<\/blockquote>\n\t\t\t\t\t\t<div class=\"testimonial__meta\">\n\t\t\t\t\t\t\t<figure class=\"testimonial__author-img\"><img decoding=\"async\" src=\"https:\/\/cubezero.be\/wp-content\/uploads\/2025\/05\/Screenshot-2087.jpg\" alt=\"\"><\/figure>\n\t\t\t\t\t\t\t<h6 class=\"testimonial__author-name\">Liesbeth<\/h6>\n\t\t\t\t\t\t<\/div>\n\t\t\t\t\t<\/div>\n\t\t\t\t\t\t\t\t\t<div class=\"testimonial\">\n\t\t\t\t\t\t<blockquote class=\"testimonial__txt\">Salle d'\u00e9vasion tr\u00e8s amusante et passionnante ! Accueil sympathique par le personnel et narration tr\u00e8s agr\u00e9able et enthousiaste avant d'entrer dans notre escape room. Nous avons choisi Therasos lab : je ne donnerai pas de spoilers, mais c'est vraiment recommand\u00e9 !<\/blockquote>\n\t\t\t\t\t\t<div class=\"testimonial__meta\">\n\t\t\t\t\t\t\t<figure class=\"testimonial__author-img\"><img decoding=\"async\" src=\"https:\/\/cubezero.be\/wp-content\/uploads\/2025\/05\/Screenshot-2087.jpg\" alt=\"\"><\/figure>\n\t\t\t\t\t\t\t<h6 class=\"testimonial__author-name\">Rani<\/h6>\n\t\t\t\t\t\t<\/div>\n\t\t\t\t\t<\/div>\n\t\t\t\t\t\t\t\t\t<div class=\"testimonial\">\n\t\t\t\t\t\t<blockquote class=\"testimonial__txt\">Nous avons trouv\u00e9 cet endroit par hasard lors de notre visite \u00e0 Courtrai. Personnel sympathique ! L'escape room \u00e9tait tr\u00e8s bien organis\u00e9e, l'histoire \u00e9tait claire, il y avait une bonne variation entre les \u00e9nigmes faciles et les \u00e9nigmes difficiles. Hautement recommand\u00e9 !<\/blockquote>\n\t\t\t\t\t\t<div class=\"testimonial__meta\">\n\t\t\t\t\t\t\t<figure class=\"testimonial__author-img\"><img decoding=\"async\" src=\"https:\/\/cubezero.be\/wp-content\/uploads\/2025\/05\/Screenshot-2087.jpg\" alt=\"\"><\/figure>\n\t\t\t\t\t\t\t<h6 class=\"testimonial__author-name\">Kathy<\/h6>\n\t\t\t\t\t\t<\/div>\n\t\t\t\t\t<\/div>\n\t\t\t\t\t\t\t\t\t<div class=\"testimonial\">\n\t\t\t\t\t\t<blockquote class=\"testimonial__txt\">Belle salle d'escapade enti\u00e8rement th\u00e9matis\u00e9e et utilisable pour de grands groupes. L'unit\u00e9 85 est tr\u00e8s belle et le laboratoire \u00e9galement.<\/blockquote>\n\t\t\t\t\t\t<div class=\"testimonial__meta\">\n\t\t\t\t\t\t\t<figure class=\"testimonial__author-img\"><img decoding=\"async\" src=\"https:\/\/cubezero.be\/wp-content\/uploads\/2025\/05\/Screenshot-2087.jpg\" alt=\"\"><\/figure>\n\t\t\t\t\t\t\t<h6 class=\"testimonial__author-name\">Abel<\/h6>\n\t\t\t\t\t\t<\/div>\n\t\t\t\t\t<\/div>\n\t\t\t\t\t\t\t\t\t<div class=\"testimonial\">\n\t\t\t\t\t\t<blockquote class=\"testimonial__txt\">A recommander absolument pour une activit\u00e9 de groupe avec des amis ou des coll\u00e8gues ! Excellent accueil et personnel sympathique. Le temps passe vite ici en s'\u00e9vadant des chambres. J'ai vraiment appr\u00e9ci\u00e9 !<\/blockquote>\n\t\t\t\t\t\t<div class=\"testimonial__meta\">\n\t\t\t\t\t\t\t<figure class=\"testimonial__author-img\"><img decoding=\"async\" src=\"https:\/\/cubezero.be\/wp-content\/uploads\/2025\/05\/Screenshot-2087.jpg\" alt=\"\"><\/figure>\n\t\t\t\t\t\t\t<h6 class=\"testimonial__author-name\">Jens<\/h6>\n\t\t\t\t\t\t<\/div>\n\t\t\t\t\t<\/div>\n\t\t\t\t\t\t\t\t\t<div class=\"testimonial\">\n\t\t\t\t\t\t<blockquote class=\"testimonial__txt\">Une exp\u00e9rience tr\u00e8s amusante ! Id\u00e9al pour venir en groupe d'amis ou en famille. Accueil sympathique, escape room sympa avec des \u00e9nigmes originales. A recommander vivement.<\/blockquote>\n\t\t\t\t\t\t<div class=\"testimonial__meta\">\n\t\t\t\t\t\t\t<figure class=\"testimonial__author-img\"><img decoding=\"async\" src=\"https:\/\/cubezero.be\/wp-content\/uploads\/2025\/05\/Screenshot-2087.jpg\" alt=\"\"><\/figure>\n\t\t\t\t\t\t\t<h6 class=\"testimonial__author-name\">Dieter<\/h6>\n\t\t\t\t\t\t<\/div>\n\t\t\t\t\t<\/div>\n\t\t\t\t\t\t\t\t\t<div class=\"testimonial\">\n\t\t\t\t\t\t<blockquote class=\"testimonial__txt\">Un d\u00e9fi \u00e0 relever, mais pas impossible ! Une grande vari\u00e9t\u00e9 dans ce que vous avez \u00e0 faire et l'id\u00e9al pour renforcer votre esprit d'\u00e9quipe !<\/blockquote>\n\t\t\t\t\t\t<div class=\"testimonial__meta\">\n\t\t\t\t\t\t\t<figure class=\"testimonial__author-img\"><img decoding=\"async\" src=\"https:\/\/cubezero.be\/wp-content\/uploads\/2025\/05\/Screenshot-2087.jpg\" alt=\"\"><\/figure>\n\t\t\t\t\t\t\t<h6 class=\"testimonial__author-name\">Anna-Lisa<\/h6>\n\t\t\t\t\t\t<\/div>\n\t\t\t\t\t<\/div>\n\t\t\t\t\t\t\t<\/div>\n\t\t\n\t\t\t\t\t<\/div>\n\t\t\t\t<\/div>\n\t\t\t\t<div class=\"elementor-element elementor-element-152de3f elementor-widget elementor-widget-spacer\" data-id=\"152de3f\" data-element_type=\"widget\" data-e-type=\"widget\" data-widget_type=\"spacer.default\">\n\t\t\t\t<div class=\"elementor-widget-container\">\n\t\t\t\t\t\t\t<div class=\"elementor-spacer\">\n\t\t\t<div class=\"elementor-spacer-inner\"><\/div>\n\t\t<\/div>\n\t\t\t\t\t\t<\/div>\n\t\t\t\t<\/div>\n\t\t\t\t\t<\/div>\n\t\t<\/div>\n\t\t\t\t\t<\/div>\n\t\t<\/section>\n\t\t<div class=\"elementor-element elementor-element-b164697 e-flex e-con-boxed e-con e-parent\" data-id=\"b164697\" data-element_type=\"container\" data-e-type=\"container\">\n\t\t\t\t\t<div class=\"e-con-inner\">\n\t\t\t\t\t<\/div>\n\t\t\t\t<\/div>\n\t\t\t\t<\/div>","protected":false},"excerpt":{"rendered":"<p># joueurs Prix total 2 joueurs 80 euros 3 joueurs 90 euros 4 joueurs 110 euros 5 joueurs 125 euros 6 joueurs 140 euros Sunset Motel - Unit\u00e9 85 7 joueurs 170 euros 8 joueurs 190 euros Ces prix comprennent l'accueil, les explications et une heure pleine d'\u00e9motions, d'\u00e9nigmes et de travail d'\u00e9quipe. Vous souhaitez une sortie d'entreprise [...]<\/p>","protected":false},"author":2,"featured_media":0,"parent":0,"menu_order":0,"comment_status":"closed","ping_status":"closed","template":"elementor_header_footer","meta":{"_acf_changed":false,"footnotes":""},"class_list":["post-1552","page","type-page","status-publish","hentry"],"acf":[],"aioseo_notices":[],"_links":{"self":[{"href":"https:\/\/cubezero.be\/fr\/wp-json\/wp\/v2\/pages\/1552","targetHints":{"allow":["GET"]}}],"collection":[{"href":"https:\/\/cubezero.be\/fr\/wp-json\/wp\/v2\/pages"}],"about":[{"href":"https:\/\/cubezero.be\/fr\/wp-json\/wp\/v2\/types\/page"}],"author":[{"embeddable":true,"href":"https:\/\/cubezero.be\/fr\/wp-json\/wp\/v2\/users\/2"}],"replies":[{"embeddable":true,"href":"https:\/\/cubezero.be\/fr\/wp-json\/wp\/v2\/comments?post=1552"}],"version-history":[{"count":3,"href":"https:\/\/cubezero.be\/fr\/wp-json\/wp\/v2\/pages\/1552\/revisions"}],"predecessor-version":[{"id":1762,"href":"https:\/\/cubezero.be\/fr\/wp-json\/wp\/v2\/pages\/1552\/revisions\/1762"}],"wp:attachment":[{"href":"https:\/\/cubezero.be\/fr\/wp-json\/wp\/v2\/media?parent=1552"}],"curies":[{"name":"wp","href":"https:\/\/api.w.org\/{rel}","templated":true}]}}